{"id":76827,"date":"2024-07-18T08:48:00","date_gmt":"2024-07-18T08:48:00","guid":{"rendered":"https:\/\/wordpress.zozothemes.com\/ecohorbor\/?page_id=76827"},"modified":"2025-10-06T13:56:02","modified_gmt":"2025-10-06T10:56:02","slug":"news","status":"publish","type":"page","link":"https:\/\/entertech.com.tr\/en\/news\/","title":{"rendered":"News"},"content":{"rendered":"\t\t<div data-elementor-type=\"wp-page\" data-elementor-id=\"76827\" class=\"elementor elementor-76827\" data-elementor-post-type=\"page\">\n\t\t\t\t<div class=\"elementor-element elementor-element-2f48189 e-flex e-con-boxed content-parallax-no text-reveal-no e-con e-parent\" data-id=\"2f48189\" data-element_type=\"container\" data-e-type=\"container\">\n\t\t\t\t\t<div class=\"e-con-inner\">\n\t\t\t\t<div class=\"elementor-element elementor-element-4602381 cea-align-center elementor-widget elementor-widget-ceasectiontitle\" data-id=\"4602381\" data-element_type=\"widget\" data-e-type=\"widget\" data-widget_type=\"ceasectiontitle.default\">\n\t\t\t\t<div class=\"elementor-widget-container\">\n\t\t\t\t\t<div class=\"section-title-wrapper\"><div class=\"title-wrap\"><h1 class=\"section-title none\" data-animation=\"none\">NEWS<\/h1><\/div><!-- .title-wrap --><div class=\"section-description\"><\/div><!-- .section-description --><\/div><!-- .section-title-wrapper -->\t\t\t\t<\/div>\n\t\t\t\t<\/div>\n\t\t\t\t<div class=\"elementor-element elementor-element-33a9e0e elementor-grid-3 elementor-grid-tablet-2 elementor-grid-mobile-1 elementor-posts--thumbnail-top elementor-card-shadow-yes elementor-posts__hover-gradient elementor-widget elementor-widget-posts\" data-id=\"33a9e0e\" data-element_type=\"widget\" data-e-type=\"widget\" data-settings=\"{&quot;cards_columns&quot;:&quot;3&quot;,&quot;cards_columns_tablet&quot;:&quot;2&quot;,&quot;cards_columns_mobile&quot;:&quot;1&quot;,&quot;cards_row_gap&quot;:{&quot;unit&quot;:&quot;px&quot;,&quot;size&quot;:35,&quot;sizes&quot;:[]},&quot;cards_row_gap_tablet&quot;:{&quot;unit&quot;:&quot;px&quot;,&quot;size&quot;:&quot;&quot;,&quot;sizes&quot;:[]},&quot;cards_row_gap_mobile&quot;:{&quot;unit&quot;:&quot;px&quot;,&quot;size&quot;:&quot;&quot;,&quot;sizes&quot;:[]}}\" data-widget_type=\"posts.cards\">\n\t\t\t\t<div class=\"elementor-widget-container\">\n\t\t\t\t\t\t\t<div class=\"elementor-posts-container elementor-posts elementor-posts--skin-cards elementor-grid\" role=\"list\">\n\t\t\t\t<article class=\"elementor-post elementor-grid-item post-85714 cea-event type-cea-event status-publish has-post-thumbnail hentry\" role=\"listitem\">\n\t\t\t<div class=\"elementor-post__card\">\n\t\t\t\t<a class=\"elementor-post__thumbnail__link\" href=\"https:\/\/entertech.com.tr\/en\/news\/the-early-exit-trap-for-start-ups-in-turkiye\/\" tabindex=\"-1\"><div class=\"elementor-post__thumbnail\"><img fetchpriority=\"high\" decoding=\"async\" width=\"1280\" height=\"720\" src=\"https:\/\/entertech.com.tr\/en\/wp-content\/uploads\/2026\/02\/Erken-Exit-1.webp\" class=\"attachment-full size-full wp-image-85721\" alt=\"\" srcset=\"https:\/\/entertech.com.tr\/en\/wp-content\/uploads\/2026\/02\/Erken-Exit-1.webp 1280w, https:\/\/entertech.com.tr\/en\/wp-content\/uploads\/2026\/02\/Erken-Exit-1-768x432.webp 768w, https:\/\/entertech.com.tr\/en\/wp-content\/uploads\/2026\/02\/Erken-Exit-1-1200x675.webp 1200w\" sizes=\"(max-width: 1280px) 100vw, 1280px\" \/><\/div><\/a>\n\t\t\t\t<div class=\"elementor-post__text\">\n\t\t\t\t<h3 class=\"elementor-post__title\">\n\t\t\t<a href=\"https:\/\/entertech.com.tr\/en\/news\/the-early-exit-trap-for-start-ups-in-turkiye\/\">\n\t\t\t\tThe &#8220;Early Exit&#8221; Trap for Start-ups in T\u00fcrkiye\t\t\t<\/a>\n\t\t<\/h3>\n\t\t\t\t<div class=\"elementor-post__excerpt\">\n\t\t\t<p>The &#8220;Early Exit&#8221; Trap for Start-ups in T\u00fcrkiye In T\u00fcrkiye, ventures are leaving the table before reaching their potential peak. While exits may initially seem<\/p>\n\t\t<\/div>\n\t\t\n\t\t<a class=\"elementor-post__read-more\" href=\"https:\/\/entertech.com.tr\/en\/news\/the-early-exit-trap-for-start-ups-in-turkiye\/\" aria-label=\"Read more about The &#8220;Early Exit&#8221; Trap for Start-ups in T\u00fcrkiye\" tabindex=\"-1\">\n\t\t\tRead the News\t\t<\/a>\n\n\t\t\t\t<\/div>\n\t\t\t\t\t<\/div>\n\t\t<\/article>\n\t\t\t\t<article class=\"elementor-post elementor-grid-item post-85685 cea-event type-cea-event status-publish has-post-thumbnail hentry\" role=\"listitem\">\n\t\t\t<div class=\"elementor-post__card\">\n\t\t\t\t<a class=\"elementor-post__thumbnail__link\" href=\"https:\/\/entertech.com.tr\/en\/news\/entertech-gsyf-and-playgate-gsyfs-new-investment-in-the-game-technologies-sector-game-actor\/\" tabindex=\"-1\"><div class=\"elementor-post__thumbnail\"><img decoding=\"async\" width=\"1920\" height=\"1080\" src=\"https:\/\/entertech.com.tr\/en\/wp-content\/uploads\/2026\/01\/GameActor.webp\" class=\"attachment-full size-full wp-image-85683\" alt=\"\" srcset=\"https:\/\/entertech.com.tr\/en\/wp-content\/uploads\/2026\/01\/GameActor.webp 1920w, https:\/\/entertech.com.tr\/en\/wp-content\/uploads\/2026\/01\/GameActor-768x432.webp 768w, https:\/\/entertech.com.tr\/en\/wp-content\/uploads\/2026\/01\/GameActor-1536x864.webp 1536w, https:\/\/entertech.com.tr\/en\/wp-content\/uploads\/2026\/01\/GameActor-1200x675.webp 1200w\" sizes=\"(max-width: 1920px) 100vw, 1920px\" \/><\/div><\/a>\n\t\t\t\t<div class=\"elementor-post__text\">\n\t\t\t\t<h3 class=\"elementor-post__title\">\n\t\t\t<a href=\"https:\/\/entertech.com.tr\/en\/news\/entertech-gsyf-and-playgate-gsyfs-new-investment-in-the-game-technologies-sector-game-actor\/\">\n\t\t\t\tEntertech GSYF and PlayGate GSYF\u2019s New Investment in the Game Technologies Sector: Game Actor\t\t\t<\/a>\n\t\t<\/h3>\n\t\t\t\t<div class=\"elementor-post__excerpt\">\n\t\t\t<p>Entertech GSYF and PlayGate GSYF\u2019s New Investment in the Game Technologies Sector: Game Actor Operating in the field of game technologies, Game Actor has secured<\/p>\n\t\t<\/div>\n\t\t\n\t\t<a class=\"elementor-post__read-more\" href=\"https:\/\/entertech.com.tr\/en\/news\/entertech-gsyf-and-playgate-gsyfs-new-investment-in-the-game-technologies-sector-game-actor\/\" aria-label=\"Read more about Entertech GSYF and PlayGate GSYF\u2019s New Investment in the Game Technologies Sector: Game Actor\" tabindex=\"-1\">\n\t\t\tRead the News\t\t<\/a>\n\n\t\t\t\t<\/div>\n\t\t\t\t\t<\/div>\n\t\t<\/article>\n\t\t\t\t<article class=\"elementor-post elementor-grid-item post-85635 cea-event type-cea-event status-publish has-post-thumbnail hentry\" role=\"listitem\">\n\t\t\t<div class=\"elementor-post__card\">\n\t\t\t\t<a class=\"elementor-post__thumbnail__link\" href=\"https:\/\/entertech.com.tr\/en\/news\/health-technologies-sectoral-introduction-and-networking-meeting\/\" tabindex=\"-1\"><div class=\"elementor-post__thumbnail\"><img decoding=\"async\" width=\"2048\" height=\"1365\" src=\"https:\/\/entertech.com.tr\/en\/wp-content\/uploads\/2025\/12\/MTE_0322-2048x1365-1.webp\" class=\"attachment-full size-full wp-image-85636\" alt=\"\" srcset=\"https:\/\/entertech.com.tr\/en\/wp-content\/uploads\/2025\/12\/MTE_0322-2048x1365-1.webp 2048w, https:\/\/entertech.com.tr\/en\/wp-content\/uploads\/2025\/12\/MTE_0322-2048x1365-1-768x512.webp 768w, https:\/\/entertech.com.tr\/en\/wp-content\/uploads\/2025\/12\/MTE_0322-2048x1365-1-1536x1024.webp 1536w, https:\/\/entertech.com.tr\/en\/wp-content\/uploads\/2025\/12\/MTE_0322-2048x1365-1-1200x800.webp 1200w\" sizes=\"(max-width: 2048px) 100vw, 2048px\" \/><\/div><\/a>\n\t\t\t\t<div class=\"elementor-post__text\">\n\t\t\t\t<h3 class=\"elementor-post__title\">\n\t\t\t<a href=\"https:\/\/entertech.com.tr\/en\/news\/health-technologies-sectoral-introduction-and-networking-meeting\/\">\n\t\t\t\tHealth Technologies Sectoral Introduction and Networking Meeting\t\t\t<\/a>\n\t\t<\/h3>\n\t\t\t\t<div class=\"elementor-post__excerpt\">\n\t\t\t<p>Health Technologies Sectoral Introduction and Networking Meeting &nbsp; The \u201cHealth Technologies Sectoral Introduction and Networking Meeting\u201d was successfully organized and conducted by Entertech Istanbul Technopark<\/p>\n\t\t<\/div>\n\t\t\n\t\t<a class=\"elementor-post__read-more\" href=\"https:\/\/entertech.com.tr\/en\/news\/health-technologies-sectoral-introduction-and-networking-meeting\/\" aria-label=\"Read more about Health Technologies Sectoral Introduction and Networking Meeting\" tabindex=\"-1\">\n\t\t\tRead the News\t\t<\/a>\n\n\t\t\t\t<\/div>\n\t\t\t\t\t<\/div>\n\t\t<\/article>\n\t\t\t\t<article class=\"elementor-post elementor-grid-item post-85608 cea-event type-cea-event status-publish has-post-thumbnail hentry\" role=\"listitem\">\n\t\t\t<div class=\"elementor-post__card\">\n\t\t\t\t<a class=\"elementor-post__thumbnail__link\" href=\"https:\/\/entertech.com.tr\/en\/news\/launch-of-entertech-first-venture-capital-investment-fund-established-through-the-collaboration-of-entertech-istanbul-technopark-and-yapi-kredi-asset-management\/\" tabindex=\"-1\"><div class=\"elementor-post__thumbnail\"><img loading=\"lazy\" decoding=\"async\" width=\"1920\" height=\"1080\" src=\"https:\/\/entertech.com.tr\/en\/wp-content\/uploads\/2025\/11\/Entertech_Gsyf_Lansmani.webp\" class=\"attachment-full size-full wp-image-85609\" alt=\"\" srcset=\"https:\/\/entertech.com.tr\/en\/wp-content\/uploads\/2025\/11\/Entertech_Gsyf_Lansmani.webp 1920w, https:\/\/entertech.com.tr\/en\/wp-content\/uploads\/2025\/11\/Entertech_Gsyf_Lansmani-768x432.webp 768w, https:\/\/entertech.com.tr\/en\/wp-content\/uploads\/2025\/11\/Entertech_Gsyf_Lansmani-1536x864.webp 1536w, https:\/\/entertech.com.tr\/en\/wp-content\/uploads\/2025\/11\/Entertech_Gsyf_Lansmani-1200x675.webp 1200w\" sizes=\"(max-width: 1920px) 100vw, 1920px\" \/><\/div><\/a>\n\t\t\t\t<div class=\"elementor-post__text\">\n\t\t\t\t<h3 class=\"elementor-post__title\">\n\t\t\t<a href=\"https:\/\/entertech.com.tr\/en\/news\/launch-of-entertech-first-venture-capital-investment-fund-established-through-the-collaboration-of-entertech-istanbul-technopark-and-yapi-kredi-asset-management\/\">\n\t\t\t\tLaunch of Entertech First Venture Capital Investment Fund, Established through the Collaboration of Entertech Istanbul Technopark and Yap\u0131 Kredi Asset Management\t\t\t<\/a>\n\t\t<\/h3>\n\t\t\t\t<div class=\"elementor-post__excerpt\">\n\t\t\t<p>&nbsp; Entertech Istanbul Technopark \u2014 jointly owned by Istanbul University and Istanbul University-Cerrahpa\u015fa \u2014 aims to generate technological knowledge, develop innovative products and production methods,<\/p>\n\t\t<\/div>\n\t\t\n\t\t<a class=\"elementor-post__read-more\" href=\"https:\/\/entertech.com.tr\/en\/news\/launch-of-entertech-first-venture-capital-investment-fund-established-through-the-collaboration-of-entertech-istanbul-technopark-and-yapi-kredi-asset-management\/\" aria-label=\"Read more about Launch of Entertech First Venture Capital Investment Fund, Established through the Collaboration of Entertech Istanbul Technopark and Yap\u0131 Kredi Asset Management\" tabindex=\"-1\">\n\t\t\tRead the News\t\t<\/a>\n\n\t\t\t\t<\/div>\n\t\t\t\t\t<\/div>\n\t\t<\/article>\n\t\t\t\t<article class=\"elementor-post elementor-grid-item post-85581 cea-event type-cea-event status-publish has-post-thumbnail hentry\" role=\"listitem\">\n\t\t\t<div class=\"elementor-post__card\">\n\t\t\t\t<a class=\"elementor-post__thumbnail__link\" href=\"https:\/\/entertech.com.tr\/en\/news\/entertech-gsyf-invests-250-thousand-dollars-in-pax-animi-games\/\" tabindex=\"-1\"><div class=\"elementor-post__thumbnail\"><img loading=\"lazy\" decoding=\"async\" width=\"1920\" height=\"1080\" src=\"https:\/\/entertech.com.tr\/en\/wp-content\/uploads\/2025\/10\/Paxanimi.webp\" class=\"attachment-full size-full wp-image-85582\" alt=\"\" srcset=\"https:\/\/entertech.com.tr\/en\/wp-content\/uploads\/2025\/10\/Paxanimi.webp 1920w, https:\/\/entertech.com.tr\/en\/wp-content\/uploads\/2025\/10\/Paxanimi-768x432.webp 768w, https:\/\/entertech.com.tr\/en\/wp-content\/uploads\/2025\/10\/Paxanimi-1536x864.webp 1536w, https:\/\/entertech.com.tr\/en\/wp-content\/uploads\/2025\/10\/Paxanimi-1200x675.webp 1200w\" sizes=\"(max-width: 1920px) 100vw, 1920px\" \/><\/div><\/a>\n\t\t\t\t<div class=\"elementor-post__text\">\n\t\t\t\t<h3 class=\"elementor-post__title\">\n\t\t\t<a href=\"https:\/\/entertech.com.tr\/en\/news\/entertech-gsyf-invests-250-thousand-dollars-in-pax-animi-games\/\">\n\t\t\t\tEntertech GSYF Invests 250 Thousand Dollars in Pax Animi Games\t\t\t<\/a>\n\t\t<\/h3>\n\t\t\t\t<div class=\"elementor-post__excerpt\">\n\t\t\t<p>&nbsp; Entertech GSYF Invests 250 Thousand Dollars in Pax Animi Games Aiming to strengthen Turkey\u2019s technology-based entrepreneurship ecosystem, Yap\u0131 Kredi Portf\u00f6y and Entertech Istanbul Technopark<\/p>\n\t\t<\/div>\n\t\t\n\t\t<a class=\"elementor-post__read-more\" href=\"https:\/\/entertech.com.tr\/en\/news\/entertech-gsyf-invests-250-thousand-dollars-in-pax-animi-games\/\" aria-label=\"Read more about Entertech GSYF Invests 250 Thousand Dollars in Pax Animi Games\" tabindex=\"-1\">\n\t\t\tRead the News\t\t<\/a>\n\n\t\t\t\t<\/div>\n\t\t\t\t\t<\/div>\n\t\t<\/article>\n\t\t\t\t<article class=\"elementor-post elementor-grid-item post-85450 cea-event type-cea-event status-publish has-post-thumbnail hentry\" role=\"listitem\">\n\t\t\t<div class=\"elementor-post__card\">\n\t\t\t\t<a class=\"elementor-post__thumbnail__link\" href=\"https:\/\/entertech.com.tr\/en\/news\/entertech-istanbul-teknokent-takes-its-place-at-teknofest-2025\/\" tabindex=\"-1\"><div class=\"elementor-post__thumbnail\"><img loading=\"lazy\" decoding=\"async\" width=\"2560\" height=\"1707\" src=\"https:\/\/entertech.com.tr\/en\/wp-content\/uploads\/2025\/09\/Teknofest-scaled.webp\" class=\"attachment-full size-full wp-image-85452\" alt=\"\" srcset=\"https:\/\/entertech.com.tr\/en\/wp-content\/uploads\/2025\/09\/Teknofest-scaled.webp 2560w, https:\/\/entertech.com.tr\/en\/wp-content\/uploads\/2025\/09\/Teknofest-768x512.webp 768w, https:\/\/entertech.com.tr\/en\/wp-content\/uploads\/2025\/09\/Teknofest-1536x1024.webp 1536w, https:\/\/entertech.com.tr\/en\/wp-content\/uploads\/2025\/09\/Teknofest-2048x1365.webp 2048w, https:\/\/entertech.com.tr\/en\/wp-content\/uploads\/2025\/09\/Teknofest-1200x800.webp 1200w\" sizes=\"(max-width: 2560px) 100vw, 2560px\" \/><\/div><\/a>\n\t\t\t\t<div class=\"elementor-post__text\">\n\t\t\t\t<h3 class=\"elementor-post__title\">\n\t\t\t<a href=\"https:\/\/entertech.com.tr\/en\/news\/entertech-istanbul-teknokent-takes-its-place-at-teknofest-2025\/\">\n\t\t\t\tEntertech \u0130stanbul Teknokent Takes Its Place at Teknofest 2025!\t\t\t<\/a>\n\t\t<\/h3>\n\t\t\t\t<div class=\"elementor-post__excerpt\">\n\t\t\t<p>Entertech \u0130stanbul Teknokent Takes Its Place at Teknofest 2025! &nbsp; Entertech \u0130stanbul Teknokent, jointly affiliated with \u0130stanbul University and \u0130stanbul University-Cerrahpa\u015fa, participated once again this<\/p>\n\t\t<\/div>\n\t\t\n\t\t<a class=\"elementor-post__read-more\" href=\"https:\/\/entertech.com.tr\/en\/news\/entertech-istanbul-teknokent-takes-its-place-at-teknofest-2025\/\" aria-label=\"Read more about Entertech \u0130stanbul Teknokent Takes Its Place at Teknofest 2025!\" tabindex=\"-1\">\n\t\t\tRead the News\t\t<\/a>\n\n\t\t\t\t<\/div>\n\t\t\t\t\t<\/div>\n\t\t<\/article>\n\t\t\t\t<article class=\"elementor-post elementor-grid-item post-84191 cea-event type-cea-event status-publish has-post-thumbnail hentry\" role=\"listitem\">\n\t\t\t<div class=\"elementor-post__card\">\n\t\t\t\t<a class=\"elementor-post__thumbnail__link\" href=\"https:\/\/entertech.com.tr\/en\/news\/entertech-joined-tetz-2025-connecting-its-entrepreneurs-with-international-stakeholders\/\" tabindex=\"-1\"><div class=\"elementor-post__thumbnail\"><img loading=\"lazy\" decoding=\"async\" width=\"828\" height=\"915\" src=\"https:\/\/entertech.com.tr\/en\/wp-content\/uploads\/2025\/06\/tetz-2025-entertech.webp\" class=\"attachment-full size-full wp-image-84193\" alt=\"\" srcset=\"https:\/\/entertech.com.tr\/en\/wp-content\/uploads\/2025\/06\/tetz-2025-entertech.webp 828w, https:\/\/entertech.com.tr\/en\/wp-content\/uploads\/2025\/06\/tetz-2025-entertech-768x849.webp 768w\" sizes=\"(max-width: 828px) 100vw, 828px\" \/><\/div><\/a>\n\t\t\t\t<div class=\"elementor-post__text\">\n\t\t\t\t<h3 class=\"elementor-post__title\">\n\t\t\t<a href=\"https:\/\/entertech.com.tr\/en\/news\/entertech-joined-tetz-2025-connecting-its-entrepreneurs-with-international-stakeholders\/\">\n\t\t\t\tEntertech Joined TETZ 2025, Connecting Its Entrepreneurs with International Stakeholders\t\t\t<\/a>\n\t\t<\/h3>\n\t\t\t\t<div class=\"elementor-post__excerpt\">\n\t\t\t<p>Entertech Joined TETZ 2025, Connecting Its Entrepreneurs with International Stakeholders Entertech Istanbul Teknokent, one of Turkey\u2019s leading technoparks, participated in the 6th Turkey Education Technologies<\/p>\n\t\t<\/div>\n\t\t\n\t\t<a class=\"elementor-post__read-more\" href=\"https:\/\/entertech.com.tr\/en\/news\/entertech-joined-tetz-2025-connecting-its-entrepreneurs-with-international-stakeholders\/\" aria-label=\"Read more about Entertech Joined TETZ 2025, Connecting Its Entrepreneurs with International Stakeholders\" tabindex=\"-1\">\n\t\t\tRead the News\t\t<\/a>\n\n\t\t\t\t<\/div>\n\t\t\t\t\t<\/div>\n\t\t<\/article>\n\t\t\t\t<article class=\"elementor-post elementor-grid-item post-84145 cea-event type-cea-event status-publish has-post-thumbnail hentry\" role=\"listitem\">\n\t\t\t<div class=\"elementor-post__card\">\n\t\t\t\t<a class=\"elementor-post__thumbnail__link\" href=\"https:\/\/entertech.com.tr\/en\/news\/turkish-technology-entrepreneurs-return-from-london-with-investments\/\" tabindex=\"-1\"><div class=\"elementor-post__thumbnail\"><img loading=\"lazy\" decoding=\"async\" width=\"1600\" height=\"1067\" src=\"https:\/\/entertech.com.tr\/en\/wp-content\/uploads\/2025\/06\/dr-muhamed-kasapoglu-konusmasi.webp\" class=\"attachment-full size-full wp-image-84120\" alt=\"\" srcset=\"https:\/\/entertech.com.tr\/en\/wp-content\/uploads\/2025\/06\/dr-muhamed-kasapoglu-konusmasi.webp 1600w, https:\/\/entertech.com.tr\/en\/wp-content\/uploads\/2025\/06\/dr-muhamed-kasapoglu-konusmasi-768x512.webp 768w, https:\/\/entertech.com.tr\/en\/wp-content\/uploads\/2025\/06\/dr-muhamed-kasapoglu-konusmasi-1536x1024.webp 1536w, https:\/\/entertech.com.tr\/en\/wp-content\/uploads\/2025\/06\/dr-muhamed-kasapoglu-konusmasi-1200x800.webp 1200w\" sizes=\"(max-width: 1600px) 100vw, 1600px\" \/><\/div><\/a>\n\t\t\t\t<div class=\"elementor-post__text\">\n\t\t\t\t<h3 class=\"elementor-post__title\">\n\t\t\t<a href=\"https:\/\/entertech.com.tr\/en\/news\/turkish-technology-entrepreneurs-return-from-london-with-investments\/\">\n\t\t\t\tTurkish Technology Entrepreneurs Return from London with Investments\t\t\t<\/a>\n\t\t<\/h3>\n\t\t\t\t<div class=\"elementor-post__excerpt\">\n\t\t\t<p>Turkish Technology Entrepreneurs Return from London with Investments Three Turkish technology startups working in gaming technologies, clean energy, and sustainability solutions secured a total of<\/p>\n\t\t<\/div>\n\t\t\n\t\t<a class=\"elementor-post__read-more\" href=\"https:\/\/entertech.com.tr\/en\/news\/turkish-technology-entrepreneurs-return-from-london-with-investments\/\" aria-label=\"Read more about Turkish Technology Entrepreneurs Return from London with Investments\" tabindex=\"-1\">\n\t\t\tRead the News\t\t<\/a>\n\n\t\t\t\t<\/div>\n\t\t\t\t\t<\/div>\n\t\t<\/article>\n\t\t\t\t<article class=\"elementor-post elementor-grid-item post-83927 cea-event type-cea-event status-publish has-post-thumbnail hentry\" role=\"listitem\">\n\t\t\t<div class=\"elementor-post__card\">\n\t\t\t\t<a class=\"elementor-post__thumbnail__link\" href=\"https:\/\/entertech.com.tr\/en\/news\/with-the-market-expansion-programme-entertech-istanbul-teknokent-opens-the-way-from-london-to-the-world-for-turkish-entrepreneurs\/\" tabindex=\"-1\"><div class=\"elementor-post__thumbnail\"><img loading=\"lazy\" decoding=\"async\" width=\"1920\" height=\"918\" src=\"https:\/\/entertech.com.tr\/en\/wp-content\/uploads\/2025\/05\/entertech-market-expansion-programme-.webp\" class=\"attachment-full size-full wp-image-83474\" alt=\"\" srcset=\"https:\/\/entertech.com.tr\/en\/wp-content\/uploads\/2025\/05\/entertech-market-expansion-programme-.webp 1920w, https:\/\/entertech.com.tr\/en\/wp-content\/uploads\/2025\/05\/entertech-market-expansion-programme--768x367.webp 768w, https:\/\/entertech.com.tr\/en\/wp-content\/uploads\/2025\/05\/entertech-market-expansion-programme--1536x734.webp 1536w, https:\/\/entertech.com.tr\/en\/wp-content\/uploads\/2025\/05\/entertech-market-expansion-programme--1200x574.webp 1200w\" sizes=\"(max-width: 1920px) 100vw, 1920px\" \/><\/div><\/a>\n\t\t\t\t<div class=\"elementor-post__text\">\n\t\t\t\t<h3 class=\"elementor-post__title\">\n\t\t\t<a href=\"https:\/\/entertech.com.tr\/en\/news\/with-the-market-expansion-programme-entertech-istanbul-teknokent-opens-the-way-from-london-to-the-world-for-turkish-entrepreneurs\/\">\n\t\t\t\tWith the Market Expansion Programme, Entertech Istanbul Teknokent Opens the Way from London to the World for Turkish Entrepreneurs!\t\t\t<\/a>\n\t\t<\/h3>\n\t\t\t\t<div class=\"elementor-post__excerpt\">\n\t\t\t<p>With the Market Expansion Programme, Entertech Istanbul Teknokent Opens the Way from London to the World for Turkish Entrepreneurs! Thirteen technology startups selected for the<\/p>\n\t\t<\/div>\n\t\t\n\t\t<a class=\"elementor-post__read-more\" href=\"https:\/\/entertech.com.tr\/en\/news\/with-the-market-expansion-programme-entertech-istanbul-teknokent-opens-the-way-from-london-to-the-world-for-turkish-entrepreneurs\/\" aria-label=\"Read more about With the Market Expansion Programme, Entertech Istanbul Teknokent Opens the Way from London to the World for Turkish Entrepreneurs!\" tabindex=\"-1\">\n\t\t\tRead the News\t\t<\/a>\n\n\t\t\t\t<\/div>\n\t\t\t\t\t<\/div>\n\t\t<\/article>\n\t\t\t\t<\/div>\n\t\t\n\t\t\t\t\t\t<\/div>\n\t\t\t\t<\/div>\n\t\t\t\t\t<\/div>\n\t\t\t\t<\/div>\n\t\t\t\t<\/div>\n\t\t","protected":false},"excerpt":{"rendered":"<p>NEWS<\/p>\n","protected":false},"author":1,"featured_media":0,"parent":0,"menu_order":0,"comment_status":"closed","ping_status":"closed","template":"","meta":{"inline_featured_image":false,"footnotes":""},"class_list":["post-76827","page","type-page","status-publish","hentry"],"_links":{"self":[{"href":"https:\/\/entertech.com.tr\/en\/wp-json\/wp\/v2\/pages\/76827","targetHints":{"allow":["GET"]}}],"collection":[{"href":"https:\/\/entertech.com.tr\/en\/wp-json\/wp\/v2\/pages"}],"about":[{"href":"https:\/\/entertech.com.tr\/en\/wp-json\/wp\/v2\/types\/page"}],"author":[{"embeddable":true,"href":"https:\/\/entertech.com.tr\/en\/wp-json\/wp\/v2\/users\/1"}],"replies":[{"embeddable":true,"href":"https:\/\/entertech.com.tr\/en\/wp-json\/wp\/v2\/comments?post=76827"}],"version-history":[{"count":4,"href":"https:\/\/entertech.com.tr\/en\/wp-json\/wp\/v2\/pages\/76827\/revisions"}],"predecessor-version":[{"id":85026,"href":"https:\/\/entertech.com.tr\/en\/wp-json\/wp\/v2\/pages\/76827\/revisions\/85026"}],"wp:attachment":[{"href":"https:\/\/entertech.com.tr\/en\/wp-json\/wp\/v2\/media?parent=76827"}],"curies":[{"name":"wp","href":"https:\/\/api.w.org\/{rel}","templated":true}]}}