{"id":76992,"date":"2024-07-18T09:30:00","date_gmt":"2024-07-18T09:30:00","guid":{"rendered":"https:\/\/wordpress.zozothemes.com\/ecohorbor\/?page_id=76992"},"modified":"2025-10-06T13:56:15","modified_gmt":"2025-10-06T10:56:15","slug":"privacy-policy","status":"publish","type":"page","link":"https:\/\/entertech.com.tr\/en\/privacy-policy\/","title":{"rendered":"Privacy Policy"},"content":{"rendered":"\t\t<div data-elementor-type=\"wp-page\" data-elementor-id=\"76992\" class=\"elementor elementor-76992\" data-elementor-post-type=\"page\">\n\t\t\t\t\t\t<section class=\"elementor-section elementor-top-section elementor-element elementor-element-a567b83 elementor-section-stretched elementor-section-boxed elementor-section-height-default elementor-section-height-default content-parallax-no text-reveal-no\" data-id=\"a567b83\" data-element_type=\"section\" data-e-type=\"section\" data-settings=\"{&quot;stretch_section&quot;:&quot;section-stretched&quot;,&quot;background_background&quot;:&quot;classic&quot;}\">\n\t\t\t\t\t\t\t<div class=\"elementor-background-overlay\"><\/div>\n\t\t\t\t\t\t\t<div class=\"elementor-container elementor-column-gap-default\">\n\t\t\t\t\t<div class=\"elementor-column elementor-col-100 elementor-top-column elementor-element elementor-element-9d01ad\" data-id=\"9d01ad\" data-element_type=\"column\" data-e-type=\"column\" data-settings=\"{&quot;background_background&quot;:&quot;classic&quot;}\">\n\t\t\t<div class=\"elementor-widget-wrap elementor-element-populated\">\n\t\t\t\t\t\t<div class=\"elementor-element elementor-element-9e24cf9 elementor-widget elementor-widget-text-editor\" data-id=\"9e24cf9\" data-element_type=\"widget\" data-e-type=\"widget\" data-widget_type=\"text-editor.default\">\n\t\t\t\t<div class=\"elementor-widget-container\">\n\t\t\t\t\t\t\t\t\t<h1 data-start=\"101\" data-end=\"153\"><strong>Entertech \u0130stanbul Teknokent Privacy Policy <\/strong><\/h1><p class=\"\" data-start=\"155\" data-end=\"442\">Entertech \u0130stanbul Teknokent (\u201cOur Company\u201d) values the privacy of our customers, employees, and business partners. This Privacy Policy explains how your personal data is collected, used, and protected when you visit our website and use our services.<\/p><p data-start=\"155\" data-end=\"442\">\u00a0<\/p><ol data-start=\"444\" data-end=\"467\"><li data-start=\"444\" data-end=\"467\"><strong>Collected Data <\/strong><\/li><\/ol><p class=\"\" data-start=\"469\" data-end=\"570\">When you visit our website or use our services, the following types of personal data may be collected:<\/p><ul data-start=\"572\" data-end=\"681\"><li class=\"\" data-start=\"572\" data-end=\"583\"><p class=\"\" data-start=\"574\" data-end=\"583\">Name, surname<\/p><\/li><li class=\"\" data-start=\"584\" data-end=\"620\"><p class=\"\" data-start=\"586\" data-end=\"620\">Email address and phone number<\/p><\/li><li class=\"\" data-start=\"621\" data-end=\"654\"><p class=\"\" data-start=\"623\" data-end=\"654\">IP address and browser information<\/p><\/li><li class=\"\" data-start=\"655\" data-end=\"681\"><p class=\"\" data-start=\"657\" data-end=\"681\">Cookie information<\/p><\/li><\/ul><p>\u00a0<\/p><ol start=\"2\" data-start=\"683\" data-end=\"717\"><li class=\"\" data-start=\"683\" data-end=\"717\"><p class=\"\" data-start=\"686\" data-end=\"717\"><strong>Purposes of Data Use <\/strong><\/p><\/li><\/ol><p class=\"\" data-start=\"719\" data-end=\"764\">The collected data may be used for the following purposes:<\/p><ul data-start=\"766\" data-end=\"944\"><li class=\"\" data-start=\"766\" data-end=\"804\"><p class=\"\" data-start=\"768\" data-end=\"804\">To provide and improve our services<\/p><\/li><li class=\"\" data-start=\"805\" data-end=\"837\"><p class=\"\" data-start=\"807\" data-end=\"837\">To respond to customer requests<\/p><\/li><li class=\"\" data-start=\"838\" data-end=\"880\"><p class=\"\" data-start=\"840\" data-end=\"880\">To fulfill our legal obligations<\/p><\/li><li class=\"\" data-start=\"881\" data-end=\"944\"><p class=\"\" data-start=\"883\" data-end=\"944\">To carry out marketing and communication activities (with your consent)<\/p><\/li><\/ul><p>\u00a0<\/p><ol start=\"3\" data-start=\"946\" data-end=\"975\"><li class=\"\" data-start=\"946\" data-end=\"975\"><p class=\"\" data-start=\"949\" data-end=\"975\"><strong>Sharing of Data <\/strong><\/p><\/li><\/ol><p class=\"\" data-start=\"977\" data-end=\"1054\">Your personal data will not be shared with third parties except in the following situations:<\/p><ul data-start=\"1056\" data-end=\"1208\"><li class=\"\" data-start=\"1056\" data-end=\"1077\"><p class=\"\" data-start=\"1058\" data-end=\"1077\">Legal obligations<\/p><\/li><li class=\"\" data-start=\"1078\" data-end=\"1121\"><p class=\"\" data-start=\"1080\" data-end=\"1121\">Requests by authorized public institutions and organizations<\/p><\/li><li class=\"\" data-start=\"1122\" data-end=\"1208\"><p class=\"\" data-start=\"1124\" data-end=\"1208\">Transfers to our business partners or technology providers in order to deliver our services<\/p><\/li><\/ul><p>\u00a0<\/p><ol start=\"4\" data-start=\"1210\" data-end=\"1236\"><li class=\"\" data-start=\"1210\" data-end=\"1236\"><p class=\"\" data-start=\"1213\" data-end=\"1236\"><strong>Protection of Data <\/strong><\/p><\/li><\/ol><p class=\"\" data-start=\"1238\" data-end=\"1424\">We take up-to-date technical and administrative measures to ensure the confidentiality and security of your personal data. In the event of a data breach, the relevant individuals and authorities will be informed.<\/p><p data-start=\"1238\" data-end=\"1424\">\u00a0<\/p><ol start=\"5\" data-start=\"1426\" data-end=\"1443\"><li class=\"\" data-start=\"1426\" data-end=\"1443\"><p class=\"\" data-start=\"1429\" data-end=\"1443\"><strong>Your Rights <\/strong><\/p><\/li><\/ol><p class=\"\" data-start=\"1445\" data-end=\"1546\">Under the Law on the Protection of Personal Data No. 6698 (\u201cKVKK\u201d), you have the following rights regarding your personal data:<\/p><ul data-start=\"1548\" data-end=\"1783\"><li class=\"\" data-start=\"1548\" data-end=\"1578\"><p class=\"\" data-start=\"1550\" data-end=\"1578\">To learn whether your data is being processed<\/p><\/li><li class=\"\" data-start=\"1579\" data-end=\"1611\"><p class=\"\" data-start=\"1581\" data-end=\"1611\">To request access to your data<\/p><\/li><li class=\"\" data-start=\"1612\" data-end=\"1693\"><p class=\"\" data-start=\"1614\" data-end=\"1693\">To request the correction, deletion, or anonymization of your data<\/p><\/li><li class=\"\" data-start=\"1694\" data-end=\"1783\"><p class=\"\" data-start=\"1696\" data-end=\"1783\">To demand compensation if you suffer damage due to unlawful processing<\/p><\/li><\/ul><p class=\"\" data-start=\"1785\" data-end=\"1883\">You can exercise these rights by contacting us through the information below:<\/p><p data-start=\"1785\" data-end=\"1883\">\u00a0<\/p><p class=\"\" data-start=\"1885\" data-end=\"1908\"><strong data-start=\"1885\" data-end=\"1908\">Contact Information:<\/strong><\/p><p class=\"\" data-start=\"1910\" data-end=\"2088\">Entertech \u0130stanbul Teknokent<br data-start=\"1938\" data-end=\"1941\" \/>Address: \u00dcniversite Mahallesi Sar\u0131g\u00fcl Sokak No:37\/1, \u0130\u00e7 Kap\u0131 No:97, Avc\u0131lar \/ \u0130STANBUL <br data-start=\"2025\" data-end=\"2028\" \/>Phone: +90 212 691 60 01 <br data-start=\"2054\" data-end=\"2057\" \/>Email: info@entertech.com.tr<\/p>\t\t\t\t\t\t\t\t<\/div>\n\t\t\t\t<\/div>\n\t\t\t\t\t<\/div>\n\t\t<\/div>\n\t\t\t\t\t<\/div>\n\t\t<\/section>\n\t\t\t\t<\/div>\n\t\t","protected":false},"excerpt":{"rendered":"<p>Entertech \u0130stanbul Teknokent Privacy Policy Entertech \u0130stanbul Teknokent (\u201cOur Company\u201d) values the privacy of our customers, employees, and business partners. This Privacy Policy explains how your personal data is collected, used, and protected when you visit our website..<\/p>\n","protected":false},"author":1,"featured_media":0,"parent":0,"menu_order":0,"comment_status":"closed","ping_status":"closed","template":"","meta":{"inline_featured_image":false,"footnotes":""},"class_list":["post-76992","page","type-page","status-publish","hentry"],"_links":{"self":[{"href":"https:\/\/entertech.com.tr\/en\/wp-json\/wp\/v2\/pages\/76992","targetHints":{"allow":["GET"]}}],"collection":[{"href":"https:\/\/entertech.com.tr\/en\/wp-json\/wp\/v2\/pages"}],"about":[{"href":"https:\/\/entertech.com.tr\/en\/wp-json\/wp\/v2\/types\/page"}],"author":[{"embeddable":true,"href":"https:\/\/entertech.com.tr\/en\/wp-json\/wp\/v2\/users\/1"}],"replies":[{"embeddable":true,"href":"https:\/\/entertech.com.tr\/en\/wp-json\/wp\/v2\/comments?post=76992"}],"version-history":[{"count":18,"href":"https:\/\/entertech.com.tr\/en\/wp-json\/wp\/v2\/pages\/76992\/revisions"}],"predecessor-version":[{"id":85172,"href":"https:\/\/entertech.com.tr\/en\/wp-json\/wp\/v2\/pages\/76992\/revisions\/85172"}],"wp:attachment":[{"href":"https:\/\/entertech.com.tr\/en\/wp-json\/wp\/v2\/media?parent=76992"}],"curies":[{"name":"wp","href":"https:\/\/api.w.org\/{rel}","templated":true}]}}