{"id":80654,"date":"2025-04-09T19:43:35","date_gmt":"2025-04-09T16:43:35","guid":{"rendered":"https:\/\/entertech.com.tr\/en\/?page_id=80654"},"modified":"2025-09-09T13:08:30","modified_gmt":"2025-09-09T10:08:30","slug":"london-market-expansion-programme","status":"publish","type":"page","link":"https:\/\/entertech.com.tr\/en\/international-programs\/london-market-expansion-programme\/","title":{"rendered":"London Market Expansion Programme"},"content":{"rendered":"\t\t<div data-elementor-type=\"wp-page\" data-elementor-id=\"80654\" class=\"elementor elementor-80654\" data-elementor-post-type=\"page\">\n\t\t\t\t<div class=\"elementor-element elementor-element-10a2081 e-flex e-con-boxed content-parallax-no text-reveal-no e-con e-parent\" data-id=\"10a2081\" data-element_type=\"container\" data-e-type=\"container\">\n\t\t\t\t\t<div class=\"e-con-inner\">\n\t\t\t\t<div class=\"elementor-element elementor-element-b7f5acb cea-align-center elementor-widget elementor-widget-ceasectiontitle\" data-id=\"b7f5acb\" data-element_type=\"widget\" data-e-type=\"widget\" data-widget_type=\"ceasectiontitle.default\">\n\t\t\t\t<div class=\"elementor-widget-container\">\n\t\t\t\t\t<div class=\"section-title-wrapper\"><div class=\"title-wrap\"><h6 class=\"sub-title\"><span class=\"subtitle-dots \" >Our International Programme<\/span><\/h6><h2 class=\"section-title none\" data-animation=\"none\">LONDON MARKET EXPANSION<\/h2><\/div><!-- .title-wrap --><div class=\"section-description\"><\/div><!-- .section-description --><\/div><!-- .section-title-wrapper -->\t\t\t\t<\/div>\n\t\t\t\t<\/div>\n\t\t\t\t<div class=\"elementor-element elementor-element-013a00a elementor-widget elementor-widget-image\" data-id=\"013a00a\" data-element_type=\"widget\" data-e-type=\"widget\" data-widget_type=\"image.default\">\n\t\t\t\t<div class=\"elementor-widget-container\">\n\t\t\t\t\t\t\t\t\t\t\t\t\t\t\t<img fetchpriority=\"high\" decoding=\"async\" width=\"1507\" height=\"466\" src=\"https:\/\/entertech.com.tr\/en\/wp-content\/uploads\/2025\/04\/entertech-yurt-disi-programi-london-1.webp\" class=\"attachment-full size-full wp-image-82074\" alt=\"\" srcset=\"https:\/\/entertech.com.tr\/en\/wp-content\/uploads\/2025\/04\/entertech-yurt-disi-programi-london-1.webp 1507w, https:\/\/entertech.com.tr\/en\/wp-content\/uploads\/2025\/04\/entertech-yurt-disi-programi-london-1-768x237.webp 768w, https:\/\/entertech.com.tr\/en\/wp-content\/uploads\/2025\/04\/entertech-yurt-disi-programi-london-1-1200x371.webp 1200w\" sizes=\"(max-width: 1507px) 100vw, 1507px\" \/>\t\t\t\t\t\t\t\t\t\t\t\t\t\t\t<\/div>\n\t\t\t\t<\/div>\n\t\t\t\t\t<\/div>\n\t\t\t\t<\/div>\n\t\t<div class=\"elementor-element elementor-element-1849fe8 e-flex e-con-boxed content-parallax-no text-reveal-no e-con e-parent\" data-id=\"1849fe8\" data-element_type=\"container\" data-e-type=\"container\">\n\t\t\t\t\t<div class=\"e-con-inner\">\n\t\t\t\t<div class=\"elementor-element elementor-element-5fa7d90 elementor-widget elementor-widget-text-editor\" data-id=\"5fa7d90\" data-element_type=\"widget\" data-e-type=\"widget\" data-widget_type=\"text-editor.default\">\n\t\t\t\t<div class=\"elementor-widget-container\">\n\t\t\t\t\t\t\t\t\t<p>The Market Expansion Programme (Market Expansion Programme), designed in collaboration with Entertech Istanbul Technopark and YT\u00dc Y\u0131ld\u0131z Teknopark, was launched to integrate Turkey\u2019s innovative startups into the rapidly growing entrepreneurial ecosystem of the United Kingdom.<\/p><p>The programme focuses on entrepreneurs operating in strategic sectors such as:<\/p><ul><li>Digital finance and FinTech<\/li><li>Digital commerce and retail<\/li><li>Smart city solutions<\/li><li>Industry 4.0 and digital manufacturing<\/li><li>Platform and marketplace innovations<\/li><li>Digital gaming<\/li><li>Future of work solutions<\/li><\/ul><p><strong>Programme Objectives:<\/strong><\/p><ul><li>To facilitate the entry of entrepreneurs into the UK market<\/li><li>To create international collaborations and investment opportunities<\/li><li>To support startups in scaling on a global level<\/li><\/ul><p><strong>Programme Content<\/strong><\/p><ul><li><strong>4-Week Online Preparation Process:<\/strong>\u00a0Online sessions including target market analysis for the UK market, business model optimization, and mentorship meetings.<\/li><li><strong>London Tech Week Participation:<\/strong> Opportunity to attend one of the world\u2019s leading technology events, follow global trends, and build international connections.<\/li><li><strong>2-Week Intensive Physical Programme in London:<\/strong> Face-to-face meetings, networking events, and interaction with industry leaders.<\/li><li><strong>Demo Day:<\/strong> Opportunity to pitch startups to UK-based investors and potential business partners.<\/li><li><strong>Workspace Access in London:<\/strong> A productive work environment provided throughout the programme.<\/li><\/ul>\t\t\t\t\t\t\t\t<\/div>\n\t\t\t\t<\/div>\n\t\t\t\t\t<\/div>\n\t\t\t\t<\/div>\n\t\t<div class=\"elementor-element elementor-element-418a9f9 e-flex e-con-boxed content-parallax-no text-reveal-no e-con e-parent\" data-id=\"418a9f9\" data-element_type=\"container\" data-e-type=\"container\">\n\t\t\t\t\t<div class=\"e-con-inner\">\n\t\t<div class=\"elementor-element elementor-element-7ce9596 e-con-full e-flex content-parallax-no text-reveal-no e-con e-child\" data-id=\"7ce9596\" data-element_type=\"container\" data-e-type=\"container\">\n\t\t\t\t<div class=\"elementor-element elementor-element-6a594b4 elementor-widget elementor-widget-video\" data-id=\"6a594b4\" data-element_type=\"widget\" data-e-type=\"widget\" data-settings=\"{&quot;youtube_url&quot;:&quot;https:\\\/\\\/www.youtube.com\\\/watch?v=I6_O6b3VIVc&quot;,&quot;video_type&quot;:&quot;youtube&quot;,&quot;controls&quot;:&quot;yes&quot;}\" data-widget_type=\"video.default\">\n\t\t\t\t<div class=\"elementor-widget-container\">\n\t\t\t\t\t\t\t<div class=\"elementor-wrapper elementor-open-inline\">\n\t\t\t<div class=\"elementor-video\"><\/div>\t\t<\/div>\n\t\t\t\t\t\t<\/div>\n\t\t\t\t<\/div>\n\t\t\t\t<\/div>\n\t\t<div class=\"elementor-element elementor-element-1d11134 e-con-full e-flex content-parallax-no text-reveal-no e-con e-child\" data-id=\"1d11134\" data-element_type=\"container\" data-e-type=\"container\">\n\t\t\t\t<div class=\"elementor-element elementor-element-482f926 elementor-widget elementor-widget-video\" data-id=\"482f926\" data-element_type=\"widget\" data-e-type=\"widget\" data-settings=\"{&quot;youtube_url&quot;:&quot;https:\\\/\\\/youtu.be\\\/Er1KkPzqsmg&quot;,&quot;video_type&quot;:&quot;youtube&quot;,&quot;controls&quot;:&quot;yes&quot;}\" data-widget_type=\"video.default\">\n\t\t\t\t<div class=\"elementor-widget-container\">\n\t\t\t\t\t\t\t<div class=\"elementor-wrapper elementor-open-inline\">\n\t\t\t<div class=\"elementor-video\"><\/div>\t\t<\/div>\n\t\t\t\t\t\t<\/div>\n\t\t\t\t<\/div>\n\t\t\t\t<\/div>\n\t\t\t\t\t<\/div>\n\t\t\t\t<\/div>\n\t\t<div class=\"elementor-element elementor-element-e7c74ba e-flex e-con-boxed content-parallax-no text-reveal-no e-con e-parent\" data-id=\"e7c74ba\" data-element_type=\"container\" data-e-type=\"container\" data-settings=\"{&quot;background_background&quot;:&quot;classic&quot;}\">\n\t\t\t\t\t<div class=\"e-con-inner\">\n\t\t<div class=\"elementor-element elementor-element-4402f26 e-con-full e-flex content-parallax-no text-reveal-no e-con e-child\" data-id=\"4402f26\" data-element_type=\"container\" data-e-type=\"container\">\n\t\t\t\t<div class=\"elementor-element elementor-element-7bab51c elementor-widget elementor-widget-heading\" data-id=\"7bab51c\" data-element_type=\"widget\" data-e-type=\"widget\" data-widget_type=\"heading.default\">\n\t\t\t\t<div class=\"elementor-widget-container\">\n\t\t\t\t\t<h3 class=\"elementor-heading-title elementor-size-default\">LONDON<br>\nMARKET EXPANSION PROGRAMME<\/h3>\t\t\t\t<\/div>\n\t\t\t\t<\/div>\n\t\t\t\t<\/div>\n\t\t<div class=\"elementor-element elementor-element-0dc926c e-con-full e-flex content-parallax-no text-reveal-no e-con e-child\" data-id=\"0dc926c\" data-element_type=\"container\" data-e-type=\"container\">\n\t\t\t\t<\/div>\n\t\t<div class=\"elementor-element elementor-element-3090835 e-con-full e-flex content-parallax-no text-reveal-no e-con e-child\" data-id=\"3090835\" data-element_type=\"container\" data-e-type=\"container\">\n\t\t\t\t<div class=\"elementor-element elementor-element-23bfc75 elementor-align-justify elementor-hidden-desktop elementor-hidden-tablet elementor-hidden-mobile elementor-widget elementor-widget-button\" data-id=\"23bfc75\" data-element_type=\"widget\" data-e-type=\"widget\" data-widget_type=\"button.default\">\n\t\t\t\t<div class=\"elementor-widget-container\">\n\t\t\t\t\t\t\t\t\t<div class=\"elementor-button-wrapper\">\n\t\t\t\t\t<a class=\"elementor-button elementor-button-link elementor-size-sm\" href=\"#\">\n\t\t\t\t\t\t<span class=\"elementor-button-content-wrapper\">\n\t\t\t\t\t\t\t\t\t<span class=\"elementor-button-text\">Ba\u015fvur<\/span>\n\t\t\t\t\t<\/span>\n\t\t\t\t\t<\/a>\n\t\t\t\t<\/div>\n\t\t\t\t\t\t\t\t<\/div>\n\t\t\t\t<\/div>\n\t\t\t\t<\/div>\n\t\t\t\t\t<\/div>\n\t\t\t\t<\/div>\n\t\t\t\t<\/div>\n\t\t","protected":false},"excerpt":{"rendered":"<p>Our International Programme LONDON MARKET EXPANSION The Market Expansion Programme (Market Expansion Programme), designed in collaboration with Entertech Istanbul Technopark and YT\u00dc Y\u0131ld\u0131z Teknopark, was launched to integrate Turkey\u2019s innovative startups into the rapidly growing entrepreneurial ecosystem of..<\/p>\n","protected":false},"author":1,"featured_media":0,"parent":79027,"menu_order":0,"comment_status":"closed","ping_status":"closed","template":"","meta":{"inline_featured_image":false,"footnotes":""},"class_list":["post-80654","page","type-page","status-publish","hentry"],"_links":{"self":[{"href":"https:\/\/entertech.com.tr\/en\/wp-json\/wp\/v2\/pages\/80654","targetHints":{"allow":["GET"]}}],"collection":[{"href":"https:\/\/entertech.com.tr\/en\/wp-json\/wp\/v2\/pages"}],"about":[{"href":"https:\/\/entertech.com.tr\/en\/wp-json\/wp\/v2\/types\/page"}],"author":[{"embeddable":true,"href":"https:\/\/entertech.com.tr\/en\/wp-json\/wp\/v2\/users\/1"}],"replies":[{"embeddable":true,"href":"https:\/\/entertech.com.tr\/en\/wp-json\/wp\/v2\/comments?post=80654"}],"version-history":[{"count":6,"href":"https:\/\/entertech.com.tr\/en\/wp-json\/wp\/v2\/pages\/80654\/revisions"}],"predecessor-version":[{"id":85252,"href":"https:\/\/entertech.com.tr\/en\/wp-json\/wp\/v2\/pages\/80654\/revisions\/85252"}],"up":[{"embeddable":true,"href":"https:\/\/entertech.com.tr\/en\/wp-json\/wp\/v2\/pages\/79027"}],"wp:attachment":[{"href":"https:\/\/entertech.com.tr\/en\/wp-json\/wp\/v2\/media?parent=80654"}],"curies":[{"name":"wp","href":"https:\/\/api.w.org\/{rel}","templated":true}]}}