{"id":80738,"date":"2025-04-09T21:17:22","date_gmt":"2025-04-09T18:17:22","guid":{"rendered":"https:\/\/entertech.com.tr\/en\/?page_id=80738"},"modified":"2025-09-05T17:27:56","modified_gmt":"2025-09-05T14:27:56","slug":"europe-expanding-programme","status":"publish","type":"page","link":"https:\/\/entertech.com.tr\/en\/international-programs\/europe-expanding-programme\/","title":{"rendered":"Europe Expanding Programme"},"content":{"rendered":"\t\t<div data-elementor-type=\"wp-page\" data-elementor-id=\"80738\" class=\"elementor elementor-80738\" data-elementor-post-type=\"page\">\n\t\t\t\t<div class=\"elementor-element elementor-element-10a2081 e-flex e-con-boxed content-parallax-no text-reveal-no e-con e-parent\" data-id=\"10a2081\" data-element_type=\"container\" data-e-type=\"container\">\n\t\t\t\t\t<div class=\"e-con-inner\">\n\t\t\t\t<div class=\"elementor-element elementor-element-b7f5acb cea-align-center elementor-widget elementor-widget-ceasectiontitle\" data-id=\"b7f5acb\" data-element_type=\"widget\" data-e-type=\"widget\" data-widget_type=\"ceasectiontitle.default\">\n\t\t\t\t<div class=\"elementor-widget-container\">\n\t\t\t\t\t<div class=\"section-title-wrapper\"><div class=\"title-wrap\"><h6 class=\"sub-title\"><span class=\"subtitle-dots \" >Our International Programme<\/span><\/h6><h2 class=\"section-title none\" data-animation=\"none\">ENTERTECH EUROPE EXPANDING PROGRAMME<\/h2><\/div><!-- .title-wrap --><div class=\"section-description\"><\/div><!-- .section-description --><\/div><!-- .section-title-wrapper -->\t\t\t\t<\/div>\n\t\t\t\t<\/div>\n\t\t\t\t<div class=\"elementor-element elementor-element-013a00a elementor-widget elementor-widget-image\" data-id=\"013a00a\" data-element_type=\"widget\" data-e-type=\"widget\" data-widget_type=\"image.default\">\n\t\t\t\t<div class=\"elementor-widget-container\">\n\t\t\t\t\t\t\t\t\t\t\t\t\t\t\t<img fetchpriority=\"high\" decoding=\"async\" width=\"1507\" height=\"466\" src=\"https:\/\/entertech.com.tr\/en\/wp-content\/uploads\/2025\/05\/entertech-expanding-programme-amsterdam.webp\" class=\"attachment-full size-full wp-image-83685\" alt=\"\" srcset=\"https:\/\/entertech.com.tr\/en\/wp-content\/uploads\/2025\/05\/entertech-expanding-programme-amsterdam.webp 1507w, https:\/\/entertech.com.tr\/en\/wp-content\/uploads\/2025\/05\/entertech-expanding-programme-amsterdam-768x237.webp 768w, https:\/\/entertech.com.tr\/en\/wp-content\/uploads\/2025\/05\/entertech-expanding-programme-amsterdam-1200x371.webp 1200w\" sizes=\"(max-width: 1507px) 100vw, 1507px\" \/>\t\t\t\t\t\t\t\t\t\t\t\t\t\t\t<\/div>\n\t\t\t\t<\/div>\n\t\t\t\t\t<\/div>\n\t\t\t\t<\/div>\n\t\t<div class=\"elementor-element elementor-element-1849fe8 e-flex e-con-boxed content-parallax-no text-reveal-no e-con e-parent\" data-id=\"1849fe8\" data-element_type=\"container\" data-e-type=\"container\">\n\t\t\t\t\t<div class=\"e-con-inner\">\n\t\t\t\t<div class=\"elementor-element elementor-element-5fa7d90 elementor-widget elementor-widget-text-editor\" data-id=\"5fa7d90\" data-element_type=\"widget\" data-e-type=\"widget\" data-widget_type=\"text-editor.default\">\n\t\t\t\t<div class=\"elementor-widget-container\">\n\t\t\t\t\t\t\t\t\t<p>As Entertech, drawing strength from the concrete outcomes of the Entertech Netherlands Expanding Programme (Entertech Netherlands Expanding Programme) we successfully carried out in the Netherlands last year, this year we are launching a new accelerator programme focused on agricultural and food technologies.<\/p><p>The Entertech Europe Expanding Programme will take place in Amsterdam between October 27 \u2013 November 21, 2025, with its main goal being to support Turkish agricultural and food enterprises in expanding into the European market.<\/p><p><strong>So what is the Entertech Europe Expanding Programme?<\/strong><\/p><p>The Entertech Europe Expanding Programme not only provides Turkish agricultural and food startups with access to new markets, but also offers them a strong international network for sustainable growth. The programme has been designed around the Netherlands, one of the world\u2019s most advanced innovation hubs in agriculture and food. Thanks to the Netherlands\u2019 deep expertise, infrastructure, and investor network, entrepreneurs will have the opportunity to make a strong entry into the European market.<\/p><p>So far, as a result of the programmes we have implemented, our entrepreneurs have taken steps towards incorporation in Europe and developed strategic partnerships. We now want to expand this impact even further and bring more entrepreneurs onto the European stage.<\/p><p><strong>What Does the Programme Offer?<\/strong><\/p><ul><li><strong>Market Access<\/strong>\u00a0\u2013 Opportunities to enter the Dutch and European agri-food markets<\/li><li><strong>Strategic Partnerships<\/strong>\u00a0\u2013 Opportunities to build strong relationships with potential customers, business partners, and investors\u00a0<\/li><li><strong>Commercial Readiness <\/strong>\u2013 Expert mentorship and business development training to support your scaling process<\/li><li><strong>Networking<\/strong>\u00a0\u2013 Direct interaction with key stakeholders of the agri-food ecosystem<\/li><li><strong>Office Space in Amsterdam\u00a0<\/strong>\u2013 Access to coworking space at Entertech Europe B.V. during the programme<\/li><\/ul><p>Join us to carry this success forward together and bring more entrepreneurs onto the international stage.<\/p>\t\t\t\t\t\t\t\t<\/div>\n\t\t\t\t<\/div>\n\t\t\t\t\t<\/div>\n\t\t\t\t<\/div>\n\t\t<div class=\"elementor-element elementor-element-9f3dec5 e-flex e-con-boxed content-parallax-no text-reveal-no e-con e-parent\" data-id=\"9f3dec5\" data-element_type=\"container\" data-e-type=\"container\">\n\t\t\t\t\t<div class=\"e-con-inner\">\n\t\t\t\t<div class=\"elementor-element elementor-element-f7c333f cea-align-center elementor-widget elementor-widget-ceasectiontitle\" data-id=\"f7c333f\" data-element_type=\"widget\" data-e-type=\"widget\" data-widget_type=\"ceasectiontitle.default\">\n\t\t\t\t<div class=\"elementor-widget-container\">\n\t\t\t\t\t<div class=\"section-title-wrapper\"><div class=\"title-wrap\"><h2 class=\"section-title none\" data-animation=\"none\">Participant Testimonial<\/h2><\/div><!-- .title-wrap --><div class=\"section-description\"><\/div><!-- .section-description --><\/div><!-- .section-title-wrapper -->\t\t\t\t<\/div>\n\t\t\t\t<\/div>\n\t\t\t\t<div class=\"elementor-element elementor-element-72ea323 elementor-testimonial--skin-bubble elementor-testimonial--layout-image_stacked elementor-testimonial--align-center elementor-arrows-yes elementor-pagination-type-bullets elementor-widget elementor-widget-testimonial-carousel\" data-id=\"72ea323\" data-element_type=\"widget\" data-e-type=\"widget\" data-settings=\"{&quot;speed&quot;:1000,&quot;show_arrows&quot;:&quot;yes&quot;,&quot;pagination&quot;:&quot;bullets&quot;,&quot;autoplay&quot;:&quot;yes&quot;,&quot;autoplay_speed&quot;:5000,&quot;loop&quot;:&quot;yes&quot;,&quot;pause_on_hover&quot;:&quot;yes&quot;,&quot;pause_on_interaction&quot;:&quot;yes&quot;,&quot;space_between&quot;:{&quot;unit&quot;:&quot;px&quot;,&quot;size&quot;:10,&quot;sizes&quot;:[]},&quot;space_between_tablet&quot;:{&quot;unit&quot;:&quot;px&quot;,&quot;size&quot;:10,&quot;sizes&quot;:[]},&quot;space_between_mobile&quot;:{&quot;unit&quot;:&quot;px&quot;,&quot;size&quot;:10,&quot;sizes&quot;:[]}}\" data-widget_type=\"testimonial-carousel.default\">\n\t\t\t\t<div class=\"elementor-widget-container\">\n\t\t\t\t\t\t\t\t\t<div class=\"elementor-swiper\">\n\t\t\t\t\t<div class=\"elementor-main-swiper swiper\" role=\"region\" aria-roledescription=\"carousel\" aria-label=\"Kotasyonlar\">\n\t\t\t\t<div class=\"swiper-wrapper\">\n\t\t\t\t\t\t\t\t\t\t\t<div class=\"swiper-slide\" role=\"group\" aria-roledescription=\"slide\">\n\t\t\t\t\t\t\t\t\t<div class=\"elementor-testimonial\">\n\t\t\t\t\t\t\t<div class=\"elementor-testimonial__content\">\n\t\t\t\t\t<div class=\"elementor-testimonial__text\">\n\t\t\t\t\t\tThanks to the Entertech Netherlands Expanding Program, we not only received valuable mentorship but also had the opportunity to build an effective network with stakeholders operating in sustainable agriculture and environmental technologies across Europe. The program increased our visibility and laid a strong foundation for our European expansion.\t\t\t\t\t<\/div>\n\t\t\t\t\t\t\t\t\t<\/div>\n\t\t\t\t\t\t<div class=\"elementor-testimonial__footer\">\n\t\t\t\t\t\t\t\t<cite class=\"elementor-testimonial__cite\"><span class=\"elementor-testimonial__name\">Pelin Saliha \u00c7ift\u00e7i T\u00dcRETKEN<\/span><span class=\"elementor-testimonial__title\">Biyotek 15 - Co-Founder<\/span><\/cite>\t\t\t<\/div>\n\t\t<\/div>\n\t\t\t\t\t\t\t\t<\/div>\n\t\t\t\t\t\t\t\t\t\t\t<div class=\"swiper-slide\" role=\"group\" aria-roledescription=\"slide\">\n\t\t\t\t\t\t\t\t\t<div class=\"elementor-testimonial\">\n\t\t\t\t\t\t\t<div class=\"elementor-testimonial__content\">\n\t\t\t\t\t<div class=\"elementor-testimonial__text\">\n\t\t\t\t\t\tThe program that benefited my startup the most was Entertech Istanbul Teknokent's Entertech Netherlands Expanding Program. It's a great opportunity for entrepreneurs looking to test the European market and identify opportunities for market penetration.\t\t\t\t\t<\/div>\n\t\t\t\t\t\t\t\t\t<\/div>\n\t\t\t\t\t\t<div class=\"elementor-testimonial__footer\">\n\t\t\t\t\t\t\t\t<cite class=\"elementor-testimonial__cite\"><span class=\"elementor-testimonial__name\">Altan T\u00dcREL<\/span><span class=\"elementor-testimonial__title\">Agriknow\u00a0\u2013\u00a0Co-Founder<\/span><\/cite>\t\t\t<\/div>\n\t\t<\/div>\n\t\t\t\t\t\t\t\t<\/div>\n\t\t\t\t\t\t\t\t\t<\/div>\n\t\t\t\t\t\t\t\t\t\t\t\t\t\t\t<div class=\"elementor-swiper-button elementor-swiper-button-prev\" role=\"button\" tabindex=\"0\" aria-label=\"Previous\">\n\t\t\t\t\t\t\t<svg aria-hidden=\"true\" class=\"e-font-icon-svg e-eicon-chevron-left\" viewBox=\"0 0 1000 1000\" xmlns=\"http:\/\/www.w3.org\/2000\/svg\"><path d=\"M646 125C629 125 613 133 604 142L308 442C296 454 292 471 292 487 292 504 296 521 308 533L604 854C617 867 629 875 646 875 663 875 679 871 692 858 704 846 713 829 713 812 713 796 708 779 692 767L438 487 692 225C700 217 708 204 708 187 708 171 704 154 692 142 675 129 663 125 646 125Z\"><\/path><\/svg>\t\t\t\t\t\t<\/div>\n\t\t\t\t\t\t<div class=\"elementor-swiper-button elementor-swiper-button-next\" role=\"button\" tabindex=\"0\" aria-label=\"Next\">\n\t\t\t\t\t\t\t<svg aria-hidden=\"true\" class=\"e-font-icon-svg e-eicon-chevron-right\" viewBox=\"0 0 1000 1000\" xmlns=\"http:\/\/www.w3.org\/2000\/svg\"><path d=\"M696 533C708 521 713 504 713 487 713 471 708 454 696 446L400 146C388 133 375 125 354 125 338 125 325 129 313 142 300 154 292 171 292 187 292 204 296 221 308 233L563 492 304 771C292 783 288 800 288 817 288 833 296 850 308 863 321 871 338 875 354 875 371 875 388 867 400 854L696 533Z\"><\/path><\/svg>\t\t\t\t\t\t<\/div>\n\t\t\t\t\t\t\t\t\t\t\t\t\t\t\t\t<div class=\"swiper-pagination\"><\/div>\n\t\t\t\t\t\t\t\t\t\t\t\t<\/div>\n\t\t\t\t<\/div>\n\t\t\t\t\t\t\t\t<\/div>\n\t\t\t\t<\/div>\n\t\t\t\t\t<\/div>\n\t\t\t\t<\/div>\n\t\t<div class=\"elementor-element elementor-element-9a42e2f e-flex e-con-boxed content-parallax-no text-reveal-no e-con e-parent\" data-id=\"9a42e2f\" data-element_type=\"container\" data-e-type=\"container\">\n\t\t\t\t\t<div class=\"e-con-inner\">\n\t\t<div class=\"elementor-element elementor-element-9662a98 e-con-full e-flex content-parallax-no text-reveal-no e-con e-child\" data-id=\"9662a98\" data-element_type=\"container\" data-e-type=\"container\">\n\t\t\t\t<div class=\"elementor-element elementor-element-50edc59 elementor-widget elementor-widget-video\" data-id=\"50edc59\" data-element_type=\"widget\" data-e-type=\"widget\" data-settings=\"{&quot;youtube_url&quot;:&quot;https:\\\/\\\/www.youtube.com\\\/watch?v=vqhWADeDhis&quot;,&quot;video_type&quot;:&quot;youtube&quot;,&quot;controls&quot;:&quot;yes&quot;}\" data-widget_type=\"video.default\">\n\t\t\t\t<div class=\"elementor-widget-container\">\n\t\t\t\t\t\t\t<div class=\"elementor-wrapper elementor-open-inline\">\n\t\t\t<div class=\"elementor-video\"><\/div>\t\t<\/div>\n\t\t\t\t\t\t<\/div>\n\t\t\t\t<\/div>\n\t\t\t\t<\/div>\n\t\t<div class=\"elementor-element elementor-element-980ea39 e-con-full e-flex content-parallax-no text-reveal-no e-con e-child\" data-id=\"980ea39\" data-element_type=\"container\" data-e-type=\"container\">\n\t\t\t\t<div class=\"elementor-element elementor-element-d4b0c06 elementor-widget elementor-widget-video\" data-id=\"d4b0c06\" data-element_type=\"widget\" data-e-type=\"widget\" data-settings=\"{&quot;youtube_url&quot;:&quot;https:\\\/\\\/www.youtube.com\\\/watch?v=_nKr-CgWzRA&quot;,&quot;video_type&quot;:&quot;youtube&quot;,&quot;controls&quot;:&quot;yes&quot;}\" data-widget_type=\"video.default\">\n\t\t\t\t<div class=\"elementor-widget-container\">\n\t\t\t\t\t\t\t<div class=\"elementor-wrapper elementor-open-inline\">\n\t\t\t<div class=\"elementor-video\"><\/div>\t\t<\/div>\n\t\t\t\t\t\t<\/div>\n\t\t\t\t<\/div>\n\t\t\t\t<\/div>\n\t\t\t\t\t<\/div>\n\t\t\t\t<\/div>\n\t\t<div class=\"elementor-element elementor-element-e7c74ba e-flex e-con-boxed content-parallax-no text-reveal-no e-con e-parent\" data-id=\"e7c74ba\" data-element_type=\"container\" data-e-type=\"container\" data-settings=\"{&quot;background_background&quot;:&quot;classic&quot;}\">\n\t\t\t\t\t<div class=\"e-con-inner\">\n\t\t<div class=\"elementor-element elementor-element-4402f26 e-con-full e-flex content-parallax-no text-reveal-no e-con e-child\" data-id=\"4402f26\" data-element_type=\"container\" data-e-type=\"container\">\n\t\t\t\t<div class=\"elementor-element elementor-element-7bab51c elementor-widget elementor-widget-heading\" data-id=\"7bab51c\" data-element_type=\"widget\" data-e-type=\"widget\" data-widget_type=\"heading.default\">\n\t\t\t\t<div class=\"elementor-widget-container\">\n\t\t\t\t\t<h3 class=\"elementor-heading-title elementor-size-default\">ENTERTECH<br>\nEUROPE EXPANDING PROGRAMME<\/h3>\t\t\t\t<\/div>\n\t\t\t\t<\/div>\n\t\t\t\t<\/div>\n\t\t<div class=\"elementor-element elementor-element-0dc926c e-con-full e-flex content-parallax-no text-reveal-no e-con e-child\" data-id=\"0dc926c\" data-element_type=\"container\" data-e-type=\"container\">\n\t\t\t\t<\/div>\n\t\t<div class=\"elementor-element elementor-element-3090835 e-con-full e-flex content-parallax-no text-reveal-no e-con e-child\" data-id=\"3090835\" data-element_type=\"container\" data-e-type=\"container\">\n\t\t\t\t<div class=\"elementor-element elementor-element-23bfc75 elementor-align-justify elementor-widget elementor-widget-button\" data-id=\"23bfc75\" data-element_type=\"widget\" data-e-type=\"widget\" data-widget_type=\"button.default\">\n\t\t\t\t<div class=\"elementor-widget-container\">\n\t\t\t\t\t\t\t\t\t<div class=\"elementor-button-wrapper\">\n\t\t\t\t\t<a class=\"elementor-button elementor-button-link elementor-size-sm\" href=\"https:\/\/docs.google.com\/forms\/d\/e\/1FAIpQLScsz6ekVKXdG2lqVjHcXsd8D-zFtMCrUk7DsllvBtL0KKy6mQ\/viewform?fbzx=-5392095895446206469\" target=\"_blank\" rel=\"noopener\">\n\t\t\t\t\t\t<span class=\"elementor-button-content-wrapper\">\n\t\t\t\t\t\t\t\t\t<span class=\"elementor-button-text\">Apply<\/span>\n\t\t\t\t\t<\/span>\n\t\t\t\t\t<\/a>\n\t\t\t\t<\/div>\n\t\t\t\t\t\t\t\t<\/div>\n\t\t\t\t<\/div>\n\t\t\t\t<\/div>\n\t\t\t\t\t<\/div>\n\t\t\t\t<\/div>\n\t\t\t\t<\/div>\n\t\t","protected":false},"excerpt":{"rendered":"<p>Our International Programme ENTERTECH EUROPE EXPANDING PROGRAMME As Entertech, drawing strength from the concrete outcomes of the Entertech Netherlands Expanding Programme (Entertech Netherlands Expanding Programme) we successfully carried out in the Netherlands last year, this year we are..<\/p>\n","protected":false},"author":1,"featured_media":0,"parent":79027,"menu_order":0,"comment_status":"closed","ping_status":"closed","template":"","meta":{"inline_featured_image":false,"footnotes":""},"class_list":["post-80738","page","type-page","status-publish","hentry"],"_links":{"self":[{"href":"https:\/\/entertech.com.tr\/en\/wp-json\/wp\/v2\/pages\/80738","targetHints":{"allow":["GET"]}}],"collection":[{"href":"https:\/\/entertech.com.tr\/en\/wp-json\/wp\/v2\/pages"}],"about":[{"href":"https:\/\/entertech.com.tr\/en\/wp-json\/wp\/v2\/types\/page"}],"author":[{"embeddable":true,"href":"https:\/\/entertech.com.tr\/en\/wp-json\/wp\/v2\/users\/1"}],"replies":[{"embeddable":true,"href":"https:\/\/entertech.com.tr\/en\/wp-json\/wp\/v2\/comments?post=80738"}],"version-history":[{"count":3,"href":"https:\/\/entertech.com.tr\/en\/wp-json\/wp\/v2\/pages\/80738\/revisions"}],"predecessor-version":[{"id":85000,"href":"https:\/\/entertech.com.tr\/en\/wp-json\/wp\/v2\/pages\/80738\/revisions\/85000"}],"up":[{"embeddable":true,"href":"https:\/\/entertech.com.tr\/en\/wp-json\/wp\/v2\/pages\/79027"}],"wp:attachment":[{"href":"https:\/\/entertech.com.tr\/en\/wp-json\/wp\/v2\/media?parent=80738"}],"curies":[{"name":"wp","href":"https:\/\/api.w.org\/{rel}","templated":true}]}}