{"id":80865,"date":"2025-04-10T14:19:49","date_gmt":"2025-04-10T11:19:49","guid":{"rendered":"https:\/\/entertech.com.tr\/en\/?page_id=80865"},"modified":"2025-10-06T13:55:00","modified_gmt":"2025-10-06T10:55:00","slug":"hackathon-2","status":"publish","type":"page","link":"https:\/\/entertech.com.tr\/en\/domestic-programs\/hackathon-2\/","title":{"rendered":"HACKATHON"},"content":{"rendered":"\t\t<div data-elementor-type=\"wp-page\" data-elementor-id=\"80865\" class=\"elementor elementor-80865\" data-elementor-post-type=\"page\">\n\t\t\t\t<div class=\"elementor-element elementor-element-10a2081 e-flex e-con-boxed content-parallax-no text-reveal-no e-con e-parent\" data-id=\"10a2081\" data-element_type=\"container\" data-e-type=\"container\">\n\t\t\t\t\t<div class=\"e-con-inner\">\n\t\t\t\t<div class=\"elementor-element elementor-element-b7f5acb cea-align-center elementor-widget elementor-widget-ceasectiontitle\" data-id=\"b7f5acb\" data-element_type=\"widget\" data-e-type=\"widget\" data-widget_type=\"ceasectiontitle.default\">\n\t\t\t\t<div class=\"elementor-widget-container\">\n\t\t\t\t\t<div class=\"section-title-wrapper\"><div class=\"title-wrap\"><h6 class=\"sub-title\"><span class=\"subtitle-dots \" >Domestic Programs<\/span><\/h6><h2 class=\"section-title none\" data-animation=\"none\">Hackathon Program<\/h2><\/div><!-- .title-wrap --><div class=\"section-description\"><\/div><!-- .section-description --><\/div><!-- .section-title-wrapper -->\t\t\t\t<\/div>\n\t\t\t\t<\/div>\n\t\t\t\t<div class=\"elementor-element elementor-element-013a00a elementor-widget elementor-widget-image\" data-id=\"013a00a\" data-element_type=\"widget\" data-e-type=\"widget\" data-widget_type=\"image.default\">\n\t\t\t\t<div class=\"elementor-widget-container\">\n\t\t\t\t\t\t\t\t\t\t\t\t\t\t\t<img fetchpriority=\"high\" decoding=\"async\" width=\"1507\" height=\"466\" src=\"https:\/\/entertech.com.tr\/en\/wp-content\/uploads\/2025\/04\/entertech-yurt-ici-hackathon.webp\" class=\"attachment-full size-full wp-image-81996\" alt=\"\" srcset=\"https:\/\/entertech.com.tr\/en\/wp-content\/uploads\/2025\/04\/entertech-yurt-ici-hackathon.webp 1507w, https:\/\/entertech.com.tr\/en\/wp-content\/uploads\/2025\/04\/entertech-yurt-ici-hackathon-768x237.webp 768w, https:\/\/entertech.com.tr\/en\/wp-content\/uploads\/2025\/04\/entertech-yurt-ici-hackathon-1200x371.webp 1200w\" sizes=\"(max-width: 1507px) 100vw, 1507px\" \/>\t\t\t\t\t\t\t\t\t\t\t\t\t\t\t<\/div>\n\t\t\t\t<\/div>\n\t\t\t\t\t<\/div>\n\t\t\t\t<\/div>\n\t\t<div class=\"elementor-element elementor-element-1849fe8 e-flex e-con-boxed content-parallax-no text-reveal-no e-con e-parent\" data-id=\"1849fe8\" data-element_type=\"container\" data-e-type=\"container\">\n\t\t\t\t\t<div class=\"e-con-inner\">\n\t\t\t\t<div class=\"elementor-element elementor-element-5fa7d90 elementor-widget elementor-widget-text-editor\" data-id=\"5fa7d90\" data-element_type=\"widget\" data-e-type=\"widget\" data-widget_type=\"text-editor.default\">\n\t\t\t\t<div class=\"elementor-widget-container\">\n\t\t\t\t\t\t\t\t\t<p>The <strong>Hackathon Program<\/strong> is a time-limited, prize-based open innovation event designed to generate innovative ideas around a specific theme or problem within a short period of time.<\/p><p>The program encourages participants to produce creative and practical solutions to real-world problems. Hackathon processes emphasize teamwork, problem-solving skills, and rapid prototyping, supporting the culture of entrepreneurship along the journey from idea to product.<\/p><p>Entertech Hackathons inspire individuals to think outside the box, foster innovation, and create tangible outputs. Throughout the program, participants receive theme-specific mentorship, helping them develop both technical and strategic perspectives.<\/p><p><strong>Who Can Apply?<\/strong><\/p><ul><li>Students<\/li><li>Entrepreneurs<\/li><li>Innovation enthusiasts<\/li><li>Technology enthusiasts<\/li><li>Teams and individuals who want to experience problem-solving<\/li><\/ul><p><strong>Application Periods<\/strong><\/p><p>Hackathons are held <strong>at least twice a year<\/strong>. Applications open during the call period (minimum 15 days before the event).<br \/>Application periods can be followed on <strong>Entertech Incubation\u2019s LinkedIn and X (Twitter) accounts<\/strong>.<\/p><p><strong>Types of Support<\/strong><\/p><p>Participants who place in the Hackathon can receive:<\/p><ul><li>Cash prizes<\/li><li>Prototype support<\/li><li>Employment or collaboration opportunities<\/li><\/ul><p><strong>Program Outcomes<\/strong><\/p><p>Participants who successfully complete the Hackathon gain:<\/p><ul><li>Inclusion in the <strong>Entertech Pre-Incubation Program<\/strong><\/li><li>Membership in the <strong>Entertech community<\/strong> and access to other entrepreneurship programs<\/li><li>Validation of their technological solutions within a network of sector professionals and mentors<\/li><\/ul>\t\t\t\t\t\t\t\t<\/div>\n\t\t\t\t<\/div>\n\t\t<div class=\"elementor-element elementor-element-6a2ed04f e-con-full e-flex content-parallax-no text-reveal-no e-con e-child\" data-id=\"6a2ed04f\" data-element_type=\"container\" data-e-type=\"container\">\n\t\t\t\t<div class=\"elementor-element elementor-element-73d234db cea-align-center elementor-widget elementor-widget-ceasectiontitle\" data-id=\"73d234db\" data-element_type=\"widget\" data-e-type=\"widget\" data-widget_type=\"ceasectiontitle.default\">\n\t\t\t\t<div class=\"elementor-widget-container\">\n\t\t\t\t\t<div class=\"section-title-wrapper\"><div class=\"title-wrap\"><h2 class=\"section-title none\" data-animation=\"none\">Participant Testimonial<\/h2><\/div><!-- .title-wrap --><div class=\"section-description\"><\/div><!-- .section-description --><\/div><!-- .section-title-wrapper -->\t\t\t\t<\/div>\n\t\t\t\t<\/div>\n\t\t\t\t<div class=\"elementor-element elementor-element-5bc0755f elementor-testimonial--skin-bubble elementor-testimonial--layout-image_stacked elementor-testimonial--align-center elementor-arrows-yes elementor-pagination-type-bullets elementor-widget elementor-widget-testimonial-carousel\" data-id=\"5bc0755f\" data-element_type=\"widget\" data-e-type=\"widget\" data-settings=\"{&quot;speed&quot;:1000,&quot;show_arrows&quot;:&quot;yes&quot;,&quot;pagination&quot;:&quot;bullets&quot;,&quot;autoplay&quot;:&quot;yes&quot;,&quot;autoplay_speed&quot;:5000,&quot;loop&quot;:&quot;yes&quot;,&quot;pause_on_hover&quot;:&quot;yes&quot;,&quot;pause_on_interaction&quot;:&quot;yes&quot;,&quot;space_between&quot;:{&quot;unit&quot;:&quot;px&quot;,&quot;size&quot;:10,&quot;sizes&quot;:[]},&quot;space_between_tablet&quot;:{&quot;unit&quot;:&quot;px&quot;,&quot;size&quot;:10,&quot;sizes&quot;:[]},&quot;space_between_mobile&quot;:{&quot;unit&quot;:&quot;px&quot;,&quot;size&quot;:10,&quot;sizes&quot;:[]}}\" data-widget_type=\"testimonial-carousel.default\">\n\t\t\t\t<div class=\"elementor-widget-container\">\n\t\t\t\t\t\t\t\t\t<div class=\"elementor-swiper\">\n\t\t\t\t\t<div class=\"elementor-main-swiper swiper\" role=\"region\" aria-roledescription=\"carousel\" aria-label=\"Kotasyonlar\">\n\t\t\t\t<div class=\"swiper-wrapper\">\n\t\t\t\t\t\t\t\t\t\t\t<div class=\"swiper-slide\" role=\"group\" aria-roledescription=\"slide\">\n\t\t\t\t\t\t\t\t\t<div class=\"elementor-testimonial\">\n\t\t\t\t\t\t\t<div class=\"elementor-testimonial__content\">\n\t\t\t\t\t<div class=\"elementor-testimonial__text\">\n\t\t\t\t\t\tAs a result of the program, I learned to develop our ideas through a rapid process, strengthen team coordination, and direct our perspective toward developing innovative solutions to real problems.\nEntertech, sa\u011flad\u0131\u011f\u0131 mentorluk, multidisipliner bak\u0131\u015f a\u00e7\u0131s\u0131 ve profesyonel y\u00f6nlendirmelerle, projemizi uygulanabilir ve etkili bir i\u015f modeline d\u00f6n\u00fc\u015ft\u00fcrmemizde b\u00fcy\u00fck katk\u0131 sa\u011flayarak ger\u00e7ek zamanl\u0131 bir sunum ile j\u00fcri ortam\u0131nda de\u011ferlendirilerek ideathon deneyimi ya\u015famama\u00a0olanak\u00a0sa\u011flad\u0131.\n\t\t\t\t\t<\/div>\n\t\t\t\t\t\t\t\t\t<\/div>\n\t\t\t\t\t\t<div class=\"elementor-testimonial__footer\">\n\t\t\t\t\t\t\t\t<cite class=\"elementor-testimonial__cite\"><span class=\"elementor-testimonial__name\">Seher Tugce Ozdemir<\/span><span class=\"elementor-testimonial__title\">Program Participant \u2013 Istanbul University Faculty of Forestry Graduate Student<\/span><\/cite>\t\t\t<\/div>\n\t\t<\/div>\n\t\t\t\t\t\t\t\t<\/div>\n\t\t\t\t\t\t\t\t\t<\/div>\n\t\t\t\t\t\t\t<\/div>\n\t\t\t\t<\/div>\n\t\t\t\t\t\t\t\t<\/div>\n\t\t\t\t<\/div>\n\t\t\t\t<\/div>\n\t\t<div class=\"elementor-element elementor-element-2f490a2 e-con-full e-flex content-parallax-no text-reveal-no e-con e-child\" data-id=\"2f490a2\" data-element_type=\"container\" data-e-type=\"container\">\n\t\t<div class=\"elementor-element elementor-element-07e3644 e-con-full e-flex content-parallax-no text-reveal-no e-con e-child\" data-id=\"07e3644\" data-element_type=\"container\" data-e-type=\"container\">\n\t\t\t\t<div class=\"elementor-element elementor-element-7f05d6f elementor-widget elementor-widget-video\" data-id=\"7f05d6f\" data-element_type=\"widget\" data-e-type=\"widget\" data-settings=\"{&quot;youtube_url&quot;:&quot;https:\\\/\\\/www.youtube.com\\\/watch?v=q-LvW9zV3q4&quot;,&quot;video_type&quot;:&quot;youtube&quot;,&quot;controls&quot;:&quot;yes&quot;}\" data-widget_type=\"video.default\">\n\t\t\t\t<div class=\"elementor-widget-container\">\n\t\t\t\t\t\t\t<div class=\"elementor-wrapper elementor-open-inline\">\n\t\t\t<div class=\"elementor-video\"><\/div>\t\t<\/div>\n\t\t\t\t\t\t<\/div>\n\t\t\t\t<\/div>\n\t\t\t\t<\/div>\n\t\t<div class=\"elementor-element elementor-element-749eeda e-con-full e-flex content-parallax-no text-reveal-no e-con e-child\" data-id=\"749eeda\" data-element_type=\"container\" data-e-type=\"container\">\n\t\t\t\t<div class=\"elementor-element elementor-element-5baaa49 elementor-widget elementor-widget-video\" data-id=\"5baaa49\" data-element_type=\"widget\" data-e-type=\"widget\" data-settings=\"{&quot;youtube_url&quot;:&quot;https:\\\/\\\/www.youtube.com\\\/watch?v=m-3LPNRekuY&quot;,&quot;video_type&quot;:&quot;youtube&quot;,&quot;controls&quot;:&quot;yes&quot;}\" data-widget_type=\"video.default\">\n\t\t\t\t<div class=\"elementor-widget-container\">\n\t\t\t\t\t\t\t<div class=\"elementor-wrapper elementor-open-inline\">\n\t\t\t<div class=\"elementor-video\"><\/div>\t\t<\/div>\n\t\t\t\t\t\t<\/div>\n\t\t\t\t<\/div>\n\t\t\t\t<\/div>\n\t\t\t\t<\/div>\n\t\t\t\t\t<\/div>\n\t\t\t\t<\/div>\n\t\t<div class=\"elementor-element elementor-element-e7c74ba e-flex e-con-boxed content-parallax-no text-reveal-no e-con e-parent\" data-id=\"e7c74ba\" data-element_type=\"container\" data-e-type=\"container\" data-settings=\"{&quot;background_background&quot;:&quot;classic&quot;}\">\n\t\t\t\t\t<div class=\"e-con-inner\">\n\t\t<div class=\"elementor-element elementor-element-4402f26 e-con-full e-flex content-parallax-no text-reveal-no e-con e-child\" data-id=\"4402f26\" data-element_type=\"container\" data-e-type=\"container\">\n\t\t\t\t<div class=\"elementor-element elementor-element-7bab51c elementor-widget elementor-widget-heading\" data-id=\"7bab51c\" data-element_type=\"widget\" data-e-type=\"widget\" data-widget_type=\"heading.default\">\n\t\t\t\t<div class=\"elementor-widget-container\">\n\t\t\t\t\t<h3 class=\"elementor-heading-title elementor-size-default\">HACKATHON<\/h3>\t\t\t\t<\/div>\n\t\t\t\t<\/div>\n\t\t\t\t<\/div>\n\t\t<div class=\"elementor-element elementor-element-0dc926c e-con-full e-flex content-parallax-no text-reveal-no e-con e-child\" data-id=\"0dc926c\" data-element_type=\"container\" data-e-type=\"container\">\n\t\t\t\t<\/div>\n\t\t<div class=\"elementor-element elementor-element-3090835 e-con-full e-flex content-parallax-no text-reveal-no e-con e-child\" data-id=\"3090835\" data-element_type=\"container\" data-e-type=\"container\">\n\t\t\t\t<div class=\"elementor-element elementor-element-23bfc75 elementor-align-justify elementor-hidden-desktop elementor-hidden-tablet elementor-hidden-mobile elementor-widget elementor-widget-button\" data-id=\"23bfc75\" data-element_type=\"widget\" data-e-type=\"widget\" data-widget_type=\"button.default\">\n\t\t\t\t<div class=\"elementor-widget-container\">\n\t\t\t\t\t\t\t\t\t<div class=\"elementor-button-wrapper\">\n\t\t\t\t\t<a class=\"elementor-button elementor-button-link elementor-size-sm\" href=\"https:\/\/kulucka.entertech.com.tr\/tr\/hackathon\" target=\"_blank\">\n\t\t\t\t\t\t<span class=\"elementor-button-content-wrapper\">\n\t\t\t\t\t\t\t\t\t<span class=\"elementor-button-text\">Apply<\/span>\n\t\t\t\t\t<\/span>\n\t\t\t\t\t<\/a>\n\t\t\t\t<\/div>\n\t\t\t\t\t\t\t\t<\/div>\n\t\t\t\t<\/div>\n\t\t\t\t<\/div>\n\t\t\t\t\t<\/div>\n\t\t\t\t<\/div>\n\t\t\t\t<\/div>\n\t\t","protected":false},"excerpt":{"rendered":"<p>Domestic Programs Hackathon Program The Hackathon Program is a time-limited, prize-based open innovation event designed to generate innovative ideas around a specific theme or problem within a short period of time. The program encourages participants to produce creative..<\/p>\n","protected":false},"author":1,"featured_media":0,"parent":78933,"menu_order":0,"comment_status":"closed","ping_status":"closed","template":"","meta":{"inline_featured_image":false,"footnotes":""},"class_list":["post-80865","page","type-page","status-publish","hentry"],"_links":{"self":[{"href":"https:\/\/entertech.com.tr\/en\/wp-json\/wp\/v2\/pages\/80865","targetHints":{"allow":["GET"]}}],"collection":[{"href":"https:\/\/entertech.com.tr\/en\/wp-json\/wp\/v2\/pages"}],"about":[{"href":"https:\/\/entertech.com.tr\/en\/wp-json\/wp\/v2\/types\/page"}],"author":[{"embeddable":true,"href":"https:\/\/entertech.com.tr\/en\/wp-json\/wp\/v2\/users\/1"}],"replies":[{"embeddable":true,"href":"https:\/\/entertech.com.tr\/en\/wp-json\/wp\/v2\/comments?post=80865"}],"version-history":[{"count":9,"href":"https:\/\/entertech.com.tr\/en\/wp-json\/wp\/v2\/pages\/80865\/revisions"}],"predecessor-version":[{"id":85038,"href":"https:\/\/entertech.com.tr\/en\/wp-json\/wp\/v2\/pages\/80865\/revisions\/85038"}],"up":[{"embeddable":true,"href":"https:\/\/entertech.com.tr\/en\/wp-json\/wp\/v2\/pages\/78933"}],"wp:attachment":[{"href":"https:\/\/entertech.com.tr\/en\/wp-json\/wp\/v2\/media?parent=80865"}],"curies":[{"name":"wp","href":"https:\/\/api.w.org\/{rel}","templated":true}]}}