{"id":80873,"date":"2025-04-10T14:22:06","date_gmt":"2025-04-10T11:22:06","guid":{"rendered":"https:\/\/entertech.com.tr\/en\/?page_id=80873"},"modified":"2025-10-06T13:53:23","modified_gmt":"2025-10-06T10:53:23","slug":"biggist-2","status":"publish","type":"page","link":"https:\/\/entertech.com.tr\/en\/domestic-programs\/biggist-2\/","title":{"rendered":"BIGGIST"},"content":{"rendered":"\t\t<div data-elementor-type=\"wp-page\" data-elementor-id=\"80873\" class=\"elementor elementor-80873\" data-elementor-post-type=\"page\">\n\t\t\t\t<div class=\"elementor-element elementor-element-10a2081 e-flex e-con-boxed content-parallax-no text-reveal-no e-con e-parent\" data-id=\"10a2081\" data-element_type=\"container\" data-e-type=\"container\">\n\t\t\t\t\t<div class=\"e-con-inner\">\n\t\t\t\t<div class=\"elementor-element elementor-element-b7f5acb cea-align-center elementor-widget elementor-widget-ceasectiontitle\" data-id=\"b7f5acb\" data-element_type=\"widget\" data-e-type=\"widget\" data-widget_type=\"ceasectiontitle.default\">\n\t\t\t\t<div class=\"elementor-widget-container\">\n\t\t\t\t\t<div class=\"section-title-wrapper\"><div class=\"title-wrap\"><h6 class=\"sub-title\"><span class=\"subtitle-dots \" >Domestic Programs<\/span><\/h6><h2 class=\"section-title none\" data-animation=\"none\">BIGGIST<\/h2><\/div><!-- .title-wrap --><div class=\"section-description\"><\/div><!-- .section-description --><\/div><!-- .section-title-wrapper -->\t\t\t\t<\/div>\n\t\t\t\t<\/div>\n\t\t\t\t<div class=\"elementor-element elementor-element-013a00a elementor-widget elementor-widget-image\" data-id=\"013a00a\" data-element_type=\"widget\" data-e-type=\"widget\" data-widget_type=\"image.default\">\n\t\t\t\t<div class=\"elementor-widget-container\">\n\t\t\t\t\t\t\t\t\t\t\t\t\t\t\t<img fetchpriority=\"high\" decoding=\"async\" width=\"1507\" height=\"466\" src=\"https:\/\/entertech.com.tr\/en\/wp-content\/uploads\/2025\/04\/entertech-yurt-ici-biggist.webp\" class=\"attachment-full size-full wp-image-81985\" alt=\"\" srcset=\"https:\/\/entertech.com.tr\/en\/wp-content\/uploads\/2025\/04\/entertech-yurt-ici-biggist.webp 1507w, https:\/\/entertech.com.tr\/en\/wp-content\/uploads\/2025\/04\/entertech-yurt-ici-biggist-768x237.webp 768w, https:\/\/entertech.com.tr\/en\/wp-content\/uploads\/2025\/04\/entertech-yurt-ici-biggist-1200x371.webp 1200w\" sizes=\"(max-width: 1507px) 100vw, 1507px\" \/>\t\t\t\t\t\t\t\t\t\t\t\t\t\t\t<\/div>\n\t\t\t\t<\/div>\n\t\t\t\t\t<\/div>\n\t\t\t\t<\/div>\n\t\t<div class=\"elementor-element elementor-element-1849fe8 e-flex e-con-boxed content-parallax-no text-reveal-no e-con e-parent\" data-id=\"1849fe8\" data-element_type=\"container\" data-e-type=\"container\">\n\t\t\t\t\t<div class=\"e-con-inner\">\n\t\t\t\t<div class=\"elementor-element elementor-element-5fa7d90 elementor-widget elementor-widget-text-editor\" data-id=\"5fa7d90\" data-element_type=\"widget\" data-e-type=\"widget\" data-widget_type=\"text-editor.default\">\n\t\t\t\t<div class=\"elementor-widget-container\">\n\t\t\t\t\t\t\t\t\t<p><strong>B\u0130GGist<\/strong> is an entrepreneurship program designed to help entrepreneurs commercialize their technology-focused business ideas and initiate their company formation processes. It is carried out under the scope of the <strong>T\u00dcB\u0130TAK 1812 Investment-Based Entrepreneurship Support Program<\/strong>.<\/p><p>The program systematically covers the entire process from <strong>business idea validation to investment support<\/strong>. Entrepreneur candidates accepted into the program receive comprehensive training and mentorship on business model development, customer validation, market analysis, financial planning, and presentation techniques.<\/p><p>After the preparation phase, entrepreneurs are directed to the <strong>T\u00dcB\u0130TAK evaluation panel<\/strong>. Candidates who succeed in the panel are eligible to receive up to <strong>900,000 TL in investment support<\/strong> from T\u00dcB\u0130TAK, enabling them to establish their companies and commercialize their ideas.<\/p><p><strong>Who Can Apply?<\/strong><\/p><p>Candidates who meet all the following criteria are eligible to apply:<\/p><ul><li>Students enrolled in associate, undergraduate, master\u2019s, or doctoral programs, or graduates of these programs<\/li><li>Individuals who have not previously received support under the Techno-Entrepreneurship Capital Program or T\u00dcB\u0130TAK B\u0130GG<\/li><li>Individuals who are not listed as partners in any company as of the application date<\/li><\/ul><p><strong>Application Periods<\/strong><\/p><p>Calls are opened <strong>twice a year<\/strong> according to T\u00dcB\u0130TAK\u2019s schedule.<\/p><p><strong>Type of Support<\/strong><\/p><p>Entrepreneurs who succeed in the T\u00dcB\u0130TAK B\u0130GG panel and are approved for support receive:<\/p><ul><li><strong>900,000 TL investment support<\/strong> (in exchange for a <strong>3% share<\/strong> in the company to be established under the B\u0130GG program, granted to the T\u00dcB\u0130TAK Investment Fund)<\/li><\/ul><p><strong>Program Outcomes<\/strong><\/p><p>Entrepreneurs included in the program gain:<\/p><ul><li>End-to-end training and multidimensional mentorship before the T\u00dcB\u0130TAK panel<\/li><li>Company formation under Entertech<\/li><li>Experience in early-stage investment processes<\/li><li>The <strong>T\u00dcB\u0130TAK Seal of Excellence<\/strong><\/li><\/ul>\t\t\t\t\t\t\t\t<\/div>\n\t\t\t\t<\/div>\n\t\t\t\t\t<\/div>\n\t\t\t\t<\/div>\n\t\t<div class=\"elementor-element elementor-element-4e66270f e-flex e-con-boxed content-parallax-no text-reveal-no e-con e-parent\" data-id=\"4e66270f\" data-element_type=\"container\" data-e-type=\"container\">\n\t\t\t\t\t<div class=\"e-con-inner\">\n\t\t\t\t<div class=\"elementor-element elementor-element-448f4c04 cea-align-center elementor-widget elementor-widget-ceasectiontitle\" data-id=\"448f4c04\" data-element_type=\"widget\" data-e-type=\"widget\" data-widget_type=\"ceasectiontitle.default\">\n\t\t\t\t<div class=\"elementor-widget-container\">\n\t\t\t\t\t<div class=\"section-title-wrapper\"><div class=\"title-wrap\"><h2 class=\"section-title none\" data-animation=\"none\">Participant Testimonial<\/h2><\/div><!-- .title-wrap --><div class=\"section-description\"><\/div><!-- .section-description --><\/div><!-- .section-title-wrapper -->\t\t\t\t<\/div>\n\t\t\t\t<\/div>\n\t\t\t\t<div class=\"elementor-element elementor-element-444dce04 elementor-testimonial--skin-bubble elementor-testimonial--layout-image_stacked elementor-testimonial--align-center elementor-arrows-yes elementor-pagination-type-bullets elementor-widget elementor-widget-testimonial-carousel\" data-id=\"444dce04\" data-element_type=\"widget\" data-e-type=\"widget\" data-settings=\"{&quot;speed&quot;:1000,&quot;show_arrows&quot;:&quot;yes&quot;,&quot;pagination&quot;:&quot;bullets&quot;,&quot;autoplay&quot;:&quot;yes&quot;,&quot;autoplay_speed&quot;:5000,&quot;loop&quot;:&quot;yes&quot;,&quot;pause_on_hover&quot;:&quot;yes&quot;,&quot;pause_on_interaction&quot;:&quot;yes&quot;,&quot;space_between&quot;:{&quot;unit&quot;:&quot;px&quot;,&quot;size&quot;:10,&quot;sizes&quot;:[]},&quot;space_between_tablet&quot;:{&quot;unit&quot;:&quot;px&quot;,&quot;size&quot;:10,&quot;sizes&quot;:[]},&quot;space_between_mobile&quot;:{&quot;unit&quot;:&quot;px&quot;,&quot;size&quot;:10,&quot;sizes&quot;:[]}}\" data-widget_type=\"testimonial-carousel.default\">\n\t\t\t\t<div class=\"elementor-widget-container\">\n\t\t\t\t\t\t\t\t\t<div class=\"elementor-swiper\">\n\t\t\t\t\t<div class=\"elementor-main-swiper swiper\" role=\"region\" aria-roledescription=\"carousel\" aria-label=\"Kotasyonlar\">\n\t\t\t\t<div class=\"swiper-wrapper\">\n\t\t\t\t\t\t\t\t\t\t\t<div class=\"swiper-slide\" role=\"group\" aria-roledescription=\"slide\">\n\t\t\t\t\t\t\t\t\t<div class=\"elementor-testimonial\">\n\t\t\t\t\t\t\t<div class=\"elementor-testimonial__content\">\n\t\t\t\t\t<div class=\"elementor-testimonial__text\">\n\t\t\t\t\t\tThanks to Entertech's training, support, and guidance, I focused all my energy on my project. I believed that hard work would pay off, and my efforts were rewarded.\n\t\t\t\t\t<\/div>\n\t\t\t\t\t\t\t\t\t<\/div>\n\t\t\t\t\t\t<div class=\"elementor-testimonial__footer\">\n\t\t\t\t\t\t\t\t<cite class=\"elementor-testimonial__cite\"><span class=\"elementor-testimonial__name\">Research Assistant Do\u011fa Kural <\/span><span class=\"elementor-testimonial__title\">Winner of the 2025\/1 Call<\/span><\/cite>\t\t\t<\/div>\n\t\t<\/div>\n\t\t\t\t\t\t\t\t<\/div>\n\t\t\t\t\t\t\t\t\t\t\t<div class=\"swiper-slide\" role=\"group\" aria-roledescription=\"slide\">\n\t\t\t\t\t\t\t\t\t<div class=\"elementor-testimonial\">\n\t\t\t\t\t\t\t<div class=\"elementor-testimonial__content\">\n\t\t\t\t\t<div class=\"elementor-testimonial__text\">\n\t\t\t\t\t\tMy partnership with Entertech began with my visit to Dr. Muhammed Kasapo\u011flu, the CEO, and his team. It involved approximately six months of training, meetings, and supervision. They are a team that assists and encourages you at every stage. I am at the beginning of my entrepreneurial journey, but even today, I can say that I have learned a lot thanks to Entertech and that both sides are eager to continue learning. Thank you, Entertech.    \t\t\t\t\t<\/div>\n\t\t\t\t\t\t\t\t\t<\/div>\n\t\t\t\t\t\t<div class=\"elementor-testimonial__footer\">\n\t\t\t\t\t\t\t\t<cite class=\"elementor-testimonial__cite\"><span class=\"elementor-testimonial__name\">Professor Faruk A\u015f\u00e7\u0131o\u011flu <\/span><span class=\"elementor-testimonial__title\">Winner of the 2025\/1 Call<\/span><\/cite>\t\t\t<\/div>\n\t\t<\/div>\n\t\t\t\t\t\t\t\t<\/div>\n\t\t\t\t\t\t\t\t\t\t\t<div class=\"swiper-slide\" role=\"group\" aria-roledescription=\"slide\">\n\t\t\t\t\t\t\t\t\t<div class=\"elementor-testimonial\">\n\t\t\t\t\t\t\t<div class=\"elementor-testimonial__content\">\n\t\t\t\t\t<div class=\"elementor-testimonial__text\">\n\t\t\t\t\t\tThe feedback we received as part of the training and mentoring support we received from Entertech greatly contributed to the development of our business idea. I believe that the BiGGist program, which will provide you with multifaceted support in turning your business idea into a project, will have a significant impact on the implementation of your project.\t\t\t\t\t<\/div>\n\t\t\t\t\t\t\t\t\t<\/div>\n\t\t\t\t\t\t<div class=\"elementor-testimonial__footer\">\n\t\t\t\t\t\t\t\t<cite class=\"elementor-testimonial__cite\"><span class=\"elementor-testimonial__name\">\u00dcmm\u00fc G\u00fcls\u00fcm Yildirim <\/span><span class=\"elementor-testimonial__title\">Winner of the 2024\/2 Call<\/span><\/cite>\t\t\t<\/div>\n\t\t<\/div>\n\t\t\t\t\t\t\t\t<\/div>\n\t\t\t\t\t\t\t\t\t<\/div>\n\t\t\t\t\t\t\t\t\t\t\t\t\t\t\t<div class=\"elementor-swiper-button elementor-swiper-button-prev\" role=\"button\" tabindex=\"0\" aria-label=\"Previous\">\n\t\t\t\t\t\t\t<svg aria-hidden=\"true\" class=\"e-font-icon-svg e-eicon-chevron-left\" viewBox=\"0 0 1000 1000\" xmlns=\"http:\/\/www.w3.org\/2000\/svg\"><path d=\"M646 125C629 125 613 133 604 142L308 442C296 454 292 471 292 487 292 504 296 521 308 533L604 854C617 867 629 875 646 875 663 875 679 871 692 858 704 846 713 829 713 812 713 796 708 779 692 767L438 487 692 225C700 217 708 204 708 187 708 171 704 154 692 142 675 129 663 125 646 125Z\"><\/path><\/svg>\t\t\t\t\t\t<\/div>\n\t\t\t\t\t\t<div class=\"elementor-swiper-button elementor-swiper-button-next\" role=\"button\" tabindex=\"0\" aria-label=\"Next\">\n\t\t\t\t\t\t\t<svg aria-hidden=\"true\" class=\"e-font-icon-svg e-eicon-chevron-right\" viewBox=\"0 0 1000 1000\" xmlns=\"http:\/\/www.w3.org\/2000\/svg\"><path d=\"M696 533C708 521 713 504 713 487 713 471 708 454 696 446L400 146C388 133 375 125 354 125 338 125 325 129 313 142 300 154 292 171 292 187 292 204 296 221 308 233L563 492 304 771C292 783 288 800 288 817 288 833 296 850 308 863 321 871 338 875 354 875 371 875 388 867 400 854L696 533Z\"><\/path><\/svg>\t\t\t\t\t\t<\/div>\n\t\t\t\t\t\t\t\t\t\t\t\t\t\t\t\t<div class=\"swiper-pagination\"><\/div>\n\t\t\t\t\t\t\t\t\t\t\t\t<\/div>\n\t\t\t\t<\/div>\n\t\t\t\t\t\t\t\t<\/div>\n\t\t\t\t<\/div>\n\t\t\t\t\t<\/div>\n\t\t\t\t<\/div>\n\t\t<div class=\"elementor-element elementor-element-e7c74ba e-flex e-con-boxed content-parallax-no text-reveal-no e-con e-parent\" data-id=\"e7c74ba\" data-element_type=\"container\" data-e-type=\"container\" data-settings=\"{&quot;background_background&quot;:&quot;classic&quot;}\">\n\t\t\t\t\t<div class=\"e-con-inner\">\n\t\t<div class=\"elementor-element elementor-element-4402f26 e-con-full e-flex content-parallax-no text-reveal-no e-con e-child\" data-id=\"4402f26\" data-element_type=\"container\" data-e-type=\"container\">\n\t\t\t\t<div class=\"elementor-element elementor-element-7bab51c elementor-widget elementor-widget-heading\" data-id=\"7bab51c\" data-element_type=\"widget\" data-e-type=\"widget\" data-widget_type=\"heading.default\">\n\t\t\t\t<div class=\"elementor-widget-container\">\n\t\t\t\t\t<h3 class=\"elementor-heading-title elementor-size-default\">B\u0130GG\u0130ST<\/h3>\t\t\t\t<\/div>\n\t\t\t\t<\/div>\n\t\t\t\t<\/div>\n\t\t<div class=\"elementor-element elementor-element-0dc926c e-con-full e-flex content-parallax-no text-reveal-no e-con e-child\" data-id=\"0dc926c\" data-element_type=\"container\" data-e-type=\"container\">\n\t\t\t\t<\/div>\n\t\t<div class=\"elementor-element elementor-element-3090835 e-con-full e-flex content-parallax-no text-reveal-no e-con e-child\" data-id=\"3090835\" data-element_type=\"container\" data-e-type=\"container\">\n\t\t\t\t<div class=\"elementor-element elementor-element-23bfc75 elementor-align-justify elementor-widget elementor-widget-button\" data-id=\"23bfc75\" data-element_type=\"widget\" data-e-type=\"widget\" data-widget_type=\"button.default\">\n\t\t\t\t<div class=\"elementor-widget-container\">\n\t\t\t\t\t\t\t\t\t<div class=\"elementor-button-wrapper\">\n\t\t\t\t\t<a class=\"elementor-button elementor-button-link elementor-size-sm\" href=\"https:\/\/forms.gle\/q1wqE1jWDgZUth1JA\" target=\"_blank\" rel=\"noopener\">\n\t\t\t\t\t\t<span class=\"elementor-button-content-wrapper\">\n\t\t\t\t\t\t\t\t\t<span class=\"elementor-button-text\">Apply<\/span>\n\t\t\t\t\t<\/span>\n\t\t\t\t\t<\/a>\n\t\t\t\t<\/div>\n\t\t\t\t\t\t\t\t<\/div>\n\t\t\t\t<\/div>\n\t\t\t\t<\/div>\n\t\t\t\t\t<\/div>\n\t\t\t\t<\/div>\n\t\t\t\t<\/div>\n\t\t","protected":false},"excerpt":{"rendered":"<p>Domestic Programs BIGGIST B\u0130GGist is an entrepreneurship program designed to help entrepreneurs commercialize their technology-focused business ideas and initiate their company formation processes. It is carried out under the scope of the T\u00dcB\u0130TAK 1812 Investment-Based Entrepreneurship Support Program&#8230;<\/p>\n","protected":false},"author":1,"featured_media":0,"parent":78933,"menu_order":0,"comment_status":"closed","ping_status":"closed","template":"","meta":{"inline_featured_image":false,"footnotes":""},"class_list":["post-80873","page","type-page","status-publish","hentry"],"_links":{"self":[{"href":"https:\/\/entertech.com.tr\/en\/wp-json\/wp\/v2\/pages\/80873","targetHints":{"allow":["GET"]}}],"collection":[{"href":"https:\/\/entertech.com.tr\/en\/wp-json\/wp\/v2\/pages"}],"about":[{"href":"https:\/\/entertech.com.tr\/en\/wp-json\/wp\/v2\/types\/page"}],"author":[{"embeddable":true,"href":"https:\/\/entertech.com.tr\/en\/wp-json\/wp\/v2\/users\/1"}],"replies":[{"embeddable":true,"href":"https:\/\/entertech.com.tr\/en\/wp-json\/wp\/v2\/comments?post=80873"}],"version-history":[{"count":7,"href":"https:\/\/entertech.com.tr\/en\/wp-json\/wp\/v2\/pages\/80873\/revisions"}],"predecessor-version":[{"id":84915,"href":"https:\/\/entertech.com.tr\/en\/wp-json\/wp\/v2\/pages\/80873\/revisions\/84915"}],"up":[{"embeddable":true,"href":"https:\/\/entertech.com.tr\/en\/wp-json\/wp\/v2\/pages\/78933"}],"wp:attachment":[{"href":"https:\/\/entertech.com.tr\/en\/wp-json\/wp\/v2\/media?parent=80873"}],"curies":[{"name":"wp","href":"https:\/\/api.w.org\/{rel}","templated":true}]}}