{"id":81023,"date":"2025-04-10T17:49:28","date_gmt":"2025-04-10T14:49:28","guid":{"rendered":"https:\/\/entertech.com.tr\/en\/?page_id=81023"},"modified":"2025-10-06T13:53:02","modified_gmt":"2025-10-06T10:53:02","slug":"cookie-policy","status":"publish","type":"page","link":"https:\/\/entertech.com.tr\/en\/cookie-policy\/","title":{"rendered":"Cookie Policy"},"content":{"rendered":"\t\t<div data-elementor-type=\"wp-page\" data-elementor-id=\"81023\" class=\"elementor elementor-81023\" data-elementor-post-type=\"page\">\n\t\t\t\t\t\t<section class=\"elementor-section elementor-top-section elementor-element elementor-element-a567b83 elementor-section-stretched elementor-section-boxed elementor-section-height-default elementor-section-height-default content-parallax-no text-reveal-no\" data-id=\"a567b83\" data-element_type=\"section\" data-e-type=\"section\" data-settings=\"{&quot;stretch_section&quot;:&quot;section-stretched&quot;,&quot;background_background&quot;:&quot;classic&quot;}\">\n\t\t\t\t\t\t\t<div class=\"elementor-background-overlay\"><\/div>\n\t\t\t\t\t\t\t<div class=\"elementor-container elementor-column-gap-default\">\n\t\t\t\t\t<div class=\"elementor-column elementor-col-100 elementor-top-column elementor-element elementor-element-9d01ad\" data-id=\"9d01ad\" data-element_type=\"column\" data-e-type=\"column\" data-settings=\"{&quot;background_background&quot;:&quot;classic&quot;}\">\n\t\t\t<div class=\"elementor-widget-wrap elementor-element-populated\">\n\t\t\t\t\t\t<div class=\"elementor-element elementor-element-9e24cf9 elementor-widget elementor-widget-text-editor\" data-id=\"9e24cf9\" data-element_type=\"widget\" data-e-type=\"widget\" data-widget_type=\"text-editor.default\">\n\t\t\t\t<div class=\"elementor-widget-container\">\n\t\t\t\t\t\t\t\t\t<h1 data-start=\"40\" data-end=\"60\"><strong data-start=\"40\" data-end=\"60\">Cookie Policy<\/strong><\/h1><p class=\"\" data-start=\"62\" data-end=\"400\">Entertech \u0130stanbul Teknokent (\u201cOur Company\u201d) uses cookies when you visit our website to improve your user experience and make it more efficient. This Cookie Policy informs you about the types of cookies used on our website, their purposes, and how you can manage them.<\/p><p data-start=\"62\" data-end=\"400\">\u00a0<\/p><p class=\"\" data-start=\"402\" data-end=\"418\"><strong data-start=\"402\" data-end=\"418\">What is a Cookie?<\/strong><\/p><p class=\"\" data-start=\"420\" data-end=\"631\">Cookies are small text files placed on users\u2019 devices by websites. They record users\u2019 browsing habits on the site and help the website provide better service.<\/p><p data-start=\"420\" data-end=\"631\">\u00a0<\/p><p class=\"\" data-start=\"633\" data-end=\"659\"><strong data-start=\"633\" data-end=\"659\">Types of Cookies We Use<\/strong><\/p><p class=\"\" data-start=\"661\" data-end=\"717\">Our website uses the following types of cookies:<\/p><ul data-start=\"719\" data-end=\"1553\"><li class=\"\" data-start=\"719\" data-end=\"919\"><p class=\"\" data-start=\"722\" data-end=\"919\"><strong data-start=\"722\" data-end=\"753\">Strictly Necessary Cookies<\/strong><br data-start=\"753\" data-end=\"756\" \/>These cookies are essential for the proper functioning of our website. Users cannot block them, as they are required to use the site.<\/p><\/li><li class=\"\" data-start=\"921\" data-end=\"1165\"><p class=\"\" data-start=\"924\" data-end=\"1165\"><strong data-start=\"924\" data-end=\"948\">Performance Cookies<\/strong><br data-start=\"948\" data-end=\"951\" \/>These cookies help us analyze how visitors use our site. They collect anonymous data on user behavior, enabling us to improve site performance.<\/p><\/li><li class=\"\" data-start=\"1167\" data-end=\"1360\"><p class=\"\" data-start=\"1170\" data-end=\"1360\"><strong data-start=\"1170\" data-end=\"1194\">Functional Cookies<\/strong><br data-start=\"1194\" data-end=\"1197\" \/>These cookies remember user preferences to provide a more personalized experience. For example, they may save your language preferences or account details.<\/p><\/li><li class=\"\" data-start=\"1362\" data-end=\"1553\"><p class=\"\" data-start=\"1365\" data-end=\"1553\"><strong data-start=\"1365\" data-end=\"1385\">Advertising Cookies<\/strong><br data-start=\"1385\" data-end=\"1388\" \/>These cookies are used to deliver content that may interest users. They can also be used to track the effectiveness of advertising campaigns.<\/p><\/li><\/ul><p data-start=\"1555\" data-end=\"1587\">\u00a0<\/p><p class=\"\" data-start=\"1555\" data-end=\"1587\"><strong data-start=\"1555\" data-end=\"1587\">Purposes of Using Cookies<\/strong><\/p><p class=\"\" data-start=\"1589\" data-end=\"1654\">The cookie data we collect is used for the following purposes:<\/p><ul data-start=\"1656\" data-end=\"1871\"><li class=\"\" data-start=\"1656\" data-end=\"1700\"><p class=\"\" data-start=\"1658\" data-end=\"1700\">To ensure our website functions properly,<\/p><\/li><li class=\"\" data-start=\"1701\" data-end=\"1736\"><p class=\"\" data-start=\"1703\" data-end=\"1736\">To enhance user experience,<\/p><\/li><li class=\"\" data-start=\"1737\" data-end=\"1773\"><p class=\"\" data-start=\"1739\" data-end=\"1773\">To analyze website traffic,<\/p><\/li><li class=\"\" data-start=\"1774\" data-end=\"1825\"><p class=\"\" data-start=\"1776\" data-end=\"1825\">To monitor and improve website performance,<\/p><\/li><li class=\"\" data-start=\"1826\" data-end=\"1871\"><p class=\"\" data-start=\"1828\" data-end=\"1871\">To deliver personalized content and advertising.<\/p><\/li><\/ul><p data-start=\"1873\" data-end=\"1910\">\u00a0<\/p><p class=\"\" data-start=\"1873\" data-end=\"1910\"><strong data-start=\"1873\" data-end=\"1910\">How Can You Manage Cookies?<\/strong><\/p><p class=\"\" data-start=\"1912\" data-end=\"2160\">You can manage cookies through your browser settings. Most browsers allow you to accept or reject cookies. Disabling cookies may cause some website features to not function properly.<\/p><p class=\"\" data-start=\"2162\" data-end=\"2227\">To change cookie settings, go to your browser settings:<\/p><ul data-start=\"2229\" data-end=\"2531\"><li class=\"\" data-start=\"2229\" data-end=\"2314\"><p class=\"\" data-start=\"2231\" data-end=\"2314\"><strong data-start=\"2231\" data-end=\"2248\">Google Chrome<\/strong>: Settings &gt; Privacy and Security &gt; Cookies and Other Site Data<\/p><\/li><li class=\"\" data-start=\"2315\" data-end=\"2399\"><p class=\"\" data-start=\"2317\" data-end=\"2399\"><strong data-start=\"2317\" data-end=\"2336\">Mozilla Firefox<\/strong>: Options &gt; Privacy &amp; Security &gt; Cookies and Site Data<\/p><\/li><li class=\"\" data-start=\"2400\" data-end=\"2459\"><p class=\"\" data-start=\"2402\" data-end=\"2459\"><strong data-start=\"2402\" data-end=\"2412\">Safari<\/strong>: Settings &gt; Safari &gt; Privacy &gt; Manage Cookies<\/p><\/li><li class=\"\" data-start=\"2460\" data-end=\"2531\"><p class=\"\" data-start=\"2462\" data-end=\"2531\"><strong data-start=\"2462\" data-end=\"2480\">Microsoft Edge<\/strong>: Settings &gt; Privacy, Search, and Services &gt; Cookies<\/p><\/li><\/ul><p data-start=\"2533\" data-end=\"2572\">\u00a0<\/p><p class=\"\" data-start=\"2533\" data-end=\"2572\"><strong data-start=\"2533\" data-end=\"2572\">Changes to Our Cookie Policy<\/strong><\/p><p class=\"\" data-start=\"2574\" data-end=\"2749\">Our company may update this Cookie Policy from time to time. When updated, it will be published in the \u201cCookie Policy\u201d section of our website, and the date will be revised.<\/p><p data-start=\"2751\" data-end=\"2773\">\u00a0<\/p><p class=\"\" data-start=\"2751\" data-end=\"2773\"><strong data-start=\"2751\" data-end=\"2773\">Contact Information<\/strong><\/p><p class=\"\" data-start=\"2775\" data-end=\"2863\">For more information about our cookie policy, you can contact us.<\/p><p class=\"\" data-start=\"2865\" data-end=\"3009\">Address: \u00dcniversite Mahallesi Sar\u0131g\u00fcl Sokak No:37\/1 \u0130\u00e7 Kap\u0131 No:97 Avc\u0131lar \/ \u0130STANBUL<br data-start=\"2947\" data-end=\"2950\" \/>Phone: +90 212 691 60 01<br data-start=\"2976\" data-end=\"2979\" \/>Email: <a rel=\"noopener\" data-start=\"2988\" data-end=\"3009\">info@entertech.com.tr<\/a><\/p>\t\t\t\t\t\t\t\t<\/div>\n\t\t\t\t<\/div>\n\t\t\t\t\t<\/div>\n\t\t<\/div>\n\t\t\t\t\t<\/div>\n\t\t<\/section>\n\t\t\t\t<\/div>\n\t\t","protected":false},"excerpt":{"rendered":"<p>Cookie Policy Entertech \u0130stanbul Teknokent (\u201cOur Company\u201d) uses cookies when you visit our website to improve your user experience and make it more efficient. This Cookie Policy informs you about the types of cookies used on our website,..<\/p>\n","protected":false},"author":1,"featured_media":0,"parent":0,"menu_order":0,"comment_status":"closed","ping_status":"closed","template":"","meta":{"inline_featured_image":false,"footnotes":""},"class_list":["post-81023","page","type-page","status-publish","hentry"],"_links":{"self":[{"href":"https:\/\/entertech.com.tr\/en\/wp-json\/wp\/v2\/pages\/81023","targetHints":{"allow":["GET"]}}],"collection":[{"href":"https:\/\/entertech.com.tr\/en\/wp-json\/wp\/v2\/pages"}],"about":[{"href":"https:\/\/entertech.com.tr\/en\/wp-json\/wp\/v2\/types\/page"}],"author":[{"embeddable":true,"href":"https:\/\/entertech.com.tr\/en\/wp-json\/wp\/v2\/users\/1"}],"replies":[{"embeddable":true,"href":"https:\/\/entertech.com.tr\/en\/wp-json\/wp\/v2\/comments?post=81023"}],"version-history":[{"count":7,"href":"https:\/\/entertech.com.tr\/en\/wp-json\/wp\/v2\/pages\/81023\/revisions"}],"predecessor-version":[{"id":85180,"href":"https:\/\/entertech.com.tr\/en\/wp-json\/wp\/v2\/pages\/81023\/revisions\/85180"}],"wp:attachment":[{"href":"https:\/\/entertech.com.tr\/en\/wp-json\/wp\/v2\/media?parent=81023"}],"curies":[{"name":"wp","href":"https:\/\/api.w.org\/{rel}","templated":true}]}}