{"id":82299,"date":"2025-04-15T17:29:19","date_gmt":"2025-04-15T14:29:19","guid":{"rendered":"https:\/\/entertech.com.tr\/en\/?page_id=82299"},"modified":"2025-09-09T13:25:01","modified_gmt":"2025-09-09T10:25:01","slug":"sitemap","status":"publish","type":"page","link":"https:\/\/entertech.com.tr\/en\/sitemap\/","title":{"rendered":"Sitemap"},"content":{"rendered":"\t\t<div data-elementor-type=\"wp-page\" data-elementor-id=\"82299\" class=\"elementor elementor-82299\" data-elementor-post-type=\"page\">\n\t\t\t\t<div class=\"elementor-element elementor-element-27c4fff7 e-flex e-con-boxed content-parallax-no text-reveal-no e-con e-parent\" data-id=\"27c4fff7\" data-element_type=\"container\" data-e-type=\"container\">\n\t\t\t\t\t<div class=\"e-con-inner\">\n\t\t\t\t<div class=\"elementor-element elementor-element-2692e54 elementor-widget elementor-widget-shortcode\" data-id=\"2692e54\" data-element_type=\"widget\" data-e-type=\"widget\" data-widget_type=\"shortcode.default\">\n\t\t\t\t<div class=\"elementor-widget-container\">\n\t\t\t\t\t\t\t<div class=\"elementor-shortcode\"><div class=\"rank-math-html-sitemap\"><div class=\"rank-math-html-sitemap__section rank-math-html-sitemap__section--post-type rank-math-html-sitemap__section--post\"><h2 class=\"rank-math-html-sitemap__title\">Posts<\/h2><ul class=\"rank-math-html-sitemap__list\"><li class=\"rank-math-html-sitemap__item\"><a href=\"https:\/\/entertech.com.tr\/en\/facing-challenges-and-harmonized-management-of-solution-strategies\/\" class=\"rank-math-html-sitemap__link\">Facing Challenges and Harmonized Management of Solution Strategies - Entertech Istanbul Teknokent<\/a><\/li><li class=\"rank-math-html-sitemap__item\"><a href=\"https:\/\/entertech.com.tr\/en\/green-transformation-in-todays-world\/\" class=\"rank-math-html-sitemap__link\">Green Transformation in Today\u2019s World - Entertech Istanbul Teknokent<\/a><\/li><li class=\"rank-math-html-sitemap__item\"><a href=\"https:\/\/entertech.com.tr\/en\/london-market-expansion-programme-london-diaries\/\" class=\"rank-math-html-sitemap__link\">London Market Expansion Programme \u2013 London Diaries - Entertech Istanbul Teknokent<\/a><\/li><li class=\"rank-math-html-sitemap__item\"><a href=\"https:\/\/entertech.com.tr\/en\/misconceptions-and-realities-in-entrepreneurship-three-key-pieces-of-advice\/\" class=\"rank-math-html-sitemap__link\">Misconceptions and Realities in Entrepreneurship: Three Key Pieces of Advice - Entertech Istanbul Teknokent<\/a><\/li><li class=\"rank-math-html-sitemap__item\"><a href=\"https:\/\/entertech.com.tr\/en\/on-understanding-the-story-correctly-and-drawing-inspiration-neil-armstrong-vs-alper-gezeravci\/\" class=\"rank-math-html-sitemap__link\">On Understanding the Story Correctly and Drawing Inspiration: Neil Armstrong vs Alper Gezeravc\u0131 - Entertech Istanbul Teknokent<\/a><\/li><li class=\"rank-math-html-sitemap__item\"><a href=\"https:\/\/entertech.com.tr\/en\/society-5-0-human-centered-technology-and-sustainability\/\" class=\"rank-math-html-sitemap__link\">Society 5.0: Human-Centered Technology and Sustainability - Entertech Istanbul Teknokent<\/a><\/li><li class=\"rank-math-html-sitemap__item\"><a href=\"https:\/\/entertech.com.tr\/en\/tax-exemptions-and-visa-opportunities-for-entrepreneurs-in-the-united-kingdom\/\" class=\"rank-math-html-sitemap__link\">Tax, Exemptions, and Visa Opportunities for Entrepreneurs in the United Kingdom - Entertech Istanbul Teknokent<\/a><\/li><li class=\"rank-math-html-sitemap__item\"><a href=\"https:\/\/entertech.com.tr\/en\/the-importance-of-the-cash-flow-statement-for-businesses\/\" class=\"rank-math-html-sitemap__link\">The Importance of the Cash Flow Statement for Businesses - Entertech Istanbul Teknokent<\/a><\/li><li class=\"rank-math-html-sitemap__item\"><a href=\"https:\/\/entertech.com.tr\/en\/the-youngest-letter-generation-z-in-the-workplace\/\" class=\"rank-math-html-sitemap__link\">The Youngest Letter: Generation Z in the Workplace - Entertech Istanbul Teknokent<\/a><\/li><li class=\"rank-math-html-sitemap__item\"><a href=\"https:\/\/entertech.com.tr\/en\/why-technology-startups-should-go-international\/\" class=\"rank-math-html-sitemap__link\">Why Technology Startups Should Go International - Entertech Istanbul Teknokent<\/a><\/li><\/ul><\/div><div class=\"rank-math-html-sitemap__section rank-math-html-sitemap__section--post-type rank-math-html-sitemap__section--page\"><h2 class=\"rank-math-html-sitemap__title\">Pages<\/h2><ul class=\"rank-math-html-sitemap__list\"><li class=\"rank-math-html-sitemap__item\"><a href=\"https:\/\/entertech.com.tr\/en\/about-us\/\" class=\"rank-math-html-sitemap__link\">Entertech Istanbul Teknokent | About Us<\/a><\/li><li class=\"rank-math-html-sitemap__item\"><a href=\"https:\/\/entertech.com.tr\/en\/blog\/\" class=\"rank-math-html-sitemap__link\">Entertech Istanbul Blog | Technology and Innovation<\/a><\/li><li class=\"rank-math-html-sitemap__item\"><a href=\"https:\/\/entertech.com.tr\/en\/board-of-directors\/\" class=\"rank-math-html-sitemap__link\">Entertech Istanbul Teknokent | Board of Directors<\/a><\/li><li class=\"rank-math-html-sitemap__item\"><a href=\"https:\/\/entertech.com.tr\/en\/contact\/\" class=\"rank-math-html-sitemap__link\">Entertech Istanbul Teknokent Contact | Reach Us<\/a><\/li><li class=\"rank-math-html-sitemap__item\"><a href=\"https:\/\/entertech.com.tr\/en\/cookie-policy\/\" class=\"rank-math-html-sitemap__link\">Cookie Policy - Entertech Istanbul Teknokent<\/a><\/li><li class=\"rank-math-html-sitemap__item\"><a href=\"https:\/\/entertech.com.tr\/en\/domestic-programs\/\" class=\"rank-math-html-sitemap__link\">Domestic Programs - Entertech Istanbul Teknokent<\/a><ul class=\"rank-math-html-sitemap__list\"><li class=\"rank-math-html-sitemap__item\"><a href=\"https:\/\/entertech.com.tr\/en\/domestic-programs\/biggist-2\/\" class=\"rank-math-html-sitemap__link\">BIGGIST - Entertech Istanbul Teknokent<\/a><\/li><li class=\"rank-math-html-sitemap__item\"><a href=\"https:\/\/entertech.com.tr\/en\/domestic-programs\/bootcamp-2\/\" class=\"rank-math-html-sitemap__link\">BOOTCAMP - Entertech Istanbul Teknokent<\/a><\/li><li class=\"rank-math-html-sitemap__item\"><a href=\"https:\/\/entertech.com.tr\/en\/domestic-programs\/enterinvest\/\" class=\"rank-math-html-sitemap__link\">ENTERINVEST - Entertech Istanbul Teknokent<\/a><\/li><li class=\"rank-math-html-sitemap__item\"><a href=\"https:\/\/entertech.com.tr\/en\/domestic-programs\/entertech-growth\/\" class=\"rank-math-html-sitemap__link\">Entertech Growth - Entertech Istanbul Teknokent<\/a><\/li><li class=\"rank-math-html-sitemap__item\"><a href=\"https:\/\/entertech.com.tr\/en\/domestic-programs\/gamenter\/\" class=\"rank-math-html-sitemap__link\">GAMENTER - Entertech Istanbul Teknokent<\/a><\/li><li class=\"rank-math-html-sitemap__item\"><a href=\"https:\/\/entertech.com.tr\/en\/domestic-programs\/grantech-2\/\" class=\"rank-math-html-sitemap__link\">GRANTECH - Entertech Istanbul Teknokent<\/a><\/li><li class=\"rank-math-html-sitemap__item\"><a href=\"https:\/\/entertech.com.tr\/en\/domestic-programs\/hackathon-2\/\" class=\"rank-math-html-sitemap__link\">HACKATHON - Entertech Istanbul Teknokent<\/a><\/li><li class=\"rank-math-html-sitemap__item\"><a href=\"https:\/\/entertech.com.tr\/en\/domestic-programs\/mentortech-2\/\" class=\"rank-math-html-sitemap__link\">MENTORTECH - Entertech Istanbul Teknokent<\/a><\/li><li class=\"rank-math-html-sitemap__item\"><a href=\"https:\/\/entertech.com.tr\/en\/domestic-programs\/perk\/\" class=\"rank-math-html-sitemap__link\">PERK - Entertech Istanbul Teknokent<\/a><\/li><li class=\"rank-math-html-sitemap__item\"><a href=\"https:\/\/entertech.com.tr\/en\/domestic-programs\/pre-incubation-program\/\" class=\"rank-math-html-sitemap__link\">Pre-Incubation Program - Entertech Istanbul Teknokent<\/a><\/li><li class=\"rank-math-html-sitemap__item\"><a href=\"https:\/\/entertech.com.tr\/en\/domestic-programs\/suptech-2\/\" class=\"rank-math-html-sitemap__link\">SUPTECH - Entertech Istanbul Teknokent<\/a><\/li><li class=\"rank-math-html-sitemap__item\"><a href=\"https:\/\/entertech.com.tr\/en\/domestic-programs\/techip-2\/\" class=\"rank-math-html-sitemap__link\">TECHIP - Entertech Istanbul Teknokent<\/a><\/li><\/ul><\/li><li class=\"rank-math-html-sitemap__item\"><a href=\"https:\/\/entertech.com.tr\/en\/enterinvest-startup-showcase-register-form\/\" class=\"rank-math-html-sitemap__link\">EnterINVEST Startup Showcase Register Form - Entertech Istanbul Teknokent<\/a><\/li><li class=\"rank-math-html-sitemap__item\"><a href=\"https:\/\/entertech.com.tr\/en\/exclusive-for-entertech-members\/\" class=\"rank-math-html-sitemap__link\">Exclusive for Entertech Members - Entertech Istanbul Teknokent<\/a><\/li><li class=\"rank-math-html-sitemap__item\"><a href=\"https:\/\/entertech.com.tr\/en\/frequently-asked-questions\/\" class=\"rank-math-html-sitemap__link\">Frequently Asked Questions - Entertech Istanbul Teknokent<\/a><\/li><li class=\"rank-math-html-sitemap__item\"><a href=\"https:\/\/entertech.com.tr\/en\/\" class=\"rank-math-html-sitemap__link\">Entertech Istanbul Teknokent<\/a><\/li><li class=\"rank-math-html-sitemap__item\"><a href=\"https:\/\/entertech.com.tr\/en\/international-programs\/\" class=\"rank-math-html-sitemap__link\">International Programs - Entertech Istanbul Teknokent<\/a><ul class=\"rank-math-html-sitemap__list\"><li class=\"rank-math-html-sitemap__item\"><a href=\"https:\/\/entertech.com.tr\/en\/international-programs\/europe-expanding-programme\/\" class=\"rank-math-html-sitemap__link\">Europe Expanding Programme - Entertech Istanbul Teknokent<\/a><\/li><li class=\"rank-math-html-sitemap__item\"><a href=\"https:\/\/entertech.com.tr\/en\/international-programs\/gamenter-international-acceleration-programme\/\" class=\"rank-math-html-sitemap__link\">Gamenter \u2013 International Acceleration Programme - Entertech Istanbul Teknokent<\/a><\/li><li class=\"rank-math-html-sitemap__item\"><a href=\"https:\/\/entertech.com.tr\/en\/international-programs\/london-market-expansion-programme\/\" class=\"rank-math-html-sitemap__link\">London Market Expansion Programme - Entertech Istanbul Teknokent<\/a><\/li><\/ul><\/li><li class=\"rank-math-html-sitemap__item\"><a href=\"https:\/\/entertech.com.tr\/en\/istanbul-university\/\" class=\"rank-math-html-sitemap__link\">Istanbul University - Entertech Istanbul Teknokent<\/a><\/li><li class=\"rank-math-html-sitemap__item\"><a href=\"https:\/\/entertech.com.tr\/en\/istanbul-university-cerrahpasa\/\" class=\"rank-math-html-sitemap__link\">Istanbul University\/Cerrahpa\u015fa - Entertech Istanbul Teknokent<\/a><\/li><li class=\"rank-math-html-sitemap__item\"><a href=\"https:\/\/entertech.com.tr\/en\/kvkk-explicit-consent-text\/\" class=\"rank-math-html-sitemap__link\">KVKK Explicit Consent Text - Entertech Istanbul Teknokent<\/a><\/li><li class=\"rank-math-html-sitemap__item\"><a href=\"https:\/\/entertech.com.tr\/en\/kvkk-information-text\/\" class=\"rank-math-html-sitemap__link\">KVKK Information Text - Entertech Istanbul Teknokent<\/a><\/li><li class=\"rank-math-html-sitemap__item\"><a href=\"https:\/\/entertech.com.tr\/en\/message-from-our-general-manager\/\" class=\"rank-math-html-sitemap__link\">Message from Our General Manager - Entertech Istanbul Teknokent<\/a><\/li><li class=\"rank-math-html-sitemap__item\"><a href=\"https:\/\/entertech.com.tr\/en\/news\/\" class=\"rank-math-html-sitemap__link\">Entertech Istanbul Technopark News | Startups and Events<\/a><\/li><li class=\"rank-math-html-sitemap__item\"><a href=\"https:\/\/entertech.com.tr\/en\/our-enterprises\/\" class=\"rank-math-html-sitemap__link\">Entertech Istanbul Technopark Our Enterprises<\/a><\/li><li class=\"rank-math-html-sitemap__item\"><a href=\"https:\/\/entertech.com.tr\/en\/our-logo-and-press-kit\/\" class=\"rank-math-html-sitemap__link\">Our Logo and Press Kit - Entertech Istanbul Teknokent<\/a><\/li><li class=\"rank-math-html-sitemap__item\"><a href=\"https:\/\/entertech.com.tr\/en\/privacy-policy\/\" class=\"rank-math-html-sitemap__link\">Privacy Policy - Entertech Istanbul Teknokent<\/a><\/li><li class=\"rank-math-html-sitemap__item\"><a href=\"https:\/\/entertech.com.tr\/en\/sitemap\/\" class=\"rank-math-html-sitemap__link\">Sitemap - Entertech Istanbul Teknokent<\/a><\/li><li class=\"rank-math-html-sitemap__item\"><a href=\"https:\/\/entertech.com.tr\/en\/team\/\" class=\"rank-math-html-sitemap__link\">Entertech Istanbul Team | Expert Staff and Leadership<\/a><\/li><\/ul><\/div><div class=\"rank-math-html-sitemap__section rank-math-html-sitemap__section--post-type rank-math-html-sitemap__section--cea-portfolio\"><h2 class=\"rank-math-html-sitemap__title\">Portfolio<\/h2><ul class=\"rank-math-html-sitemap__list\"><li class=\"rank-math-html-sitemap__item\"><a href=\"https:\/\/entertech.com.tr\/en\/perkler\/amazon\/\" class=\"rank-math-html-sitemap__link\">Amazon Web Services (AWS) - Entertech Istanbul Teknokent<\/a><\/li><li class=\"rank-math-html-sitemap__item\"><a href=\"https:\/\/entertech.com.tr\/en\/perkler\/bilet-com\/\" class=\"rank-math-html-sitemap__link\">Bilet.com - Entertech Istanbul Teknokent<\/a><\/li><li class=\"rank-math-html-sitemap__item\"><a href=\"https:\/\/entertech.com.tr\/en\/perkler\/ifasturk\/\" class=\"rank-math-html-sitemap__link\">\u0130fast\u00fcrk - Entertech Istanbul Teknokent<\/a><\/li><li class=\"rank-math-html-sitemap__item\"><a href=\"https:\/\/entertech.com.tr\/en\/perkler\/ikas\/\" class=\"rank-math-html-sitemap__link\">IKAS - Entertech Istanbul Teknokent<\/a><\/li><li class=\"rank-math-html-sitemap__item\"><a href=\"https:\/\/entertech.com.tr\/en\/perkler\/kalibre\/\" class=\"rank-math-html-sitemap__link\">Kalibre - Entertech Istanbul Teknokent<\/a><\/li><li class=\"rank-math-html-sitemap__item\"><a href=\"https:\/\/entertech.com.tr\/en\/perkler\/rd-and-teknokent\/\" class=\"rank-math-html-sitemap__link\">R&amp;D and Teknokent - Entertech Istanbul Teknokent<\/a><\/li><li class=\"rank-math-html-sitemap__item\"><a href=\"https:\/\/entertech.com.tr\/en\/perkler\/symetricx\/\" class=\"rank-math-html-sitemap__link\">Symetricx - Entertech Istanbul Teknokent<\/a><\/li><li class=\"rank-math-html-sitemap__item\"><a href=\"https:\/\/entertech.com.tr\/en\/perkler\/tekno-hesap\/\" class=\"rank-math-html-sitemap__link\">Tekno Hesap - Entertech Istanbul Teknokent<\/a><\/li><li class=\"rank-math-html-sitemap__item\"><a href=\"https:\/\/entertech.com.tr\/en\/perkler\/teknoloji-mimari\/\" class=\"rank-math-html-sitemap__link\">Teknoloji Mimar\u0131 - Entertech Istanbul Teknokent<\/a><\/li><\/ul><\/div><div class=\"rank-math-html-sitemap__section rank-math-html-sitemap__section--post-type rank-math-html-sitemap__section--cea-event\"><h2 class=\"rank-math-html-sitemap__title\">Event<\/h2><ul class=\"rank-math-html-sitemap__list\"><li class=\"rank-math-html-sitemap__item\"><a href=\"https:\/\/entertech.com.tr\/en\/news\/as-entertech-istanbul-teknokent-and-ytu-yildiz-teknopark-we-are-taking-our-startups-global\/\" class=\"rank-math-html-sitemap__link\">As Entertech Istanbul Teknokent and YT\u00dc Y\u0131ld\u0131z Teknopark, We Are Taking Our Startups Global! - Entertech Istanbul Teknokent<\/a><\/li><li class=\"rank-math-html-sitemap__item\"><a href=\"https:\/\/entertech.com.tr\/en\/news\/entertech-continued-its-teknofest-tradition-in-northern-cyprus\/\" class=\"rank-math-html-sitemap__link\">Entertech Continued Its TEKNOFEST Tradition in Northern Cyprus - Entertech Istanbul Teknokent<\/a><\/li><li class=\"rank-math-html-sitemap__item\"><a href=\"https:\/\/entertech.com.tr\/en\/news\/entertech-gsyf-and-playgate-gsyfs-new-investment-in-the-game-technologies-sector-game-actor\/\" class=\"rank-math-html-sitemap__link\">Entertech GSYF and PlayGate GSYF\u2019s New Investment in the Game Technologies Sector: Game Actor - Entertech Istanbul Teknokent<\/a><\/li><li class=\"rank-math-html-sitemap__item\"><a href=\"https:\/\/entertech.com.tr\/en\/news\/entertech-gsyf-invests-250-thousand-dollars-in-pax-animi-games\/\" class=\"rank-math-html-sitemap__link\">Entertech GSYF Invests 250 Thousand Dollars in Pax Animi Games - Entertech Istanbul Teknokent<\/a><\/li><li class=\"rank-math-html-sitemap__item\"><a href=\"https:\/\/entertech.com.tr\/en\/news\/entertech-istanbul-teknokent-awarded-the-most-successful-entrepreneurs-of-the-year\/\" class=\"rank-math-html-sitemap__link\">Entertech Istanbul Teknokent Awarded the Most Successful Entrepreneurs of the Year - Entertech Istanbul Teknokent<\/a><\/li><li class=\"rank-math-html-sitemap__item\"><a href=\"https:\/\/entertech.com.tr\/en\/news\/entertech-istanbul-teknokent-takes-its-place-at-teknofest-2025\/\" class=\"rank-math-html-sitemap__link\">Entertech \u0130stanbul Teknokent Takes Its Place at Teknofest 2025! - Entertech Istanbul Teknokent<\/a><\/li><li class=\"rank-math-html-sitemap__item\"><a href=\"https:\/\/entertech.com.tr\/en\/news\/entertech-joined-tetz-2025-connecting-its-entrepreneurs-with-international-stakeholders\/\" class=\"rank-math-html-sitemap__link\">Entertech Joined TETZ 2025, Connecting Its Entrepreneurs with International Stakeholders - Entertech Istanbul Teknokent<\/a><\/li><li class=\"rank-math-html-sitemap__item\"><a href=\"https:\/\/entertech.com.tr\/en\/news\/global-market-support-from-ytu-yildiz-teknopark-and-entertech-istanbul-teknokent\/\" class=\"rank-math-html-sitemap__link\">Global Market Support from YT\u00dc Y\u0131ld\u0131z Teknopark and Entertech Istanbul Teknokent - Entertech Istanbul Teknokent<\/a><\/li><li class=\"rank-math-html-sitemap__item\"><a href=\"https:\/\/entertech.com.tr\/en\/news\/health-technologies-sectoral-introduction-and-networking-meeting\/\" class=\"rank-math-html-sitemap__link\">Health Technologies Sectoral Introduction and Networking Meeting - Entertech Istanbul Teknokent<\/a><\/li><li class=\"rank-math-html-sitemap__item\"><a href=\"https:\/\/entertech.com.tr\/en\/news\/launch-of-entertech-first-venture-capital-investment-fund-established-through-the-collaboration-of-entertech-istanbul-technopark-and-yapi-kredi-asset-management\/\" class=\"rank-math-html-sitemap__link\">Launch of Entertech First Venture Capital Investment Fund, Established through the Collaboration of Entertech Istanbul Technopark and Yap\u0131 Kredi Asset Management - Entertech Istanbul Teknokent<\/a><\/li><li class=\"rank-math-html-sitemap__item\"><a href=\"https:\/\/entertech.com.tr\/en\/news\/patent-focused-collaboration-meeting-by-entertech-istanbul-teknokent\/\" class=\"rank-math-html-sitemap__link\">Patent-Focused Collaboration Meeting by Entertech Istanbul Teknokent - Entertech Istanbul Teknokent<\/a><\/li><li class=\"rank-math-html-sitemap__item\"><a href=\"https:\/\/entertech.com.tr\/en\/news\/search-rescue-and-first-aid-awareness-program-held-on-the-anniversary-of-the-kahramanmaras-earthquakes\/\" class=\"rank-math-html-sitemap__link\">Search, Rescue, and First Aid Awareness Program Held on the Anniversary of the Kahramanmara\u015f Earthquakes - Entertech Istanbul Teknokent<\/a><\/li><li class=\"rank-math-html-sitemap__item\"><a href=\"https:\/\/entertech.com.tr\/en\/news\/the-early-exit-trap-for-start-ups-in-turkiye\/\" class=\"rank-math-html-sitemap__link\">The &quot;Early Exit&quot; Trap for Start-ups in T\u00fcrkiye - Entertech Istanbul Teknokent<\/a><\/li><li class=\"rank-math-html-sitemap__item\"><a href=\"https:\/\/entertech.com.tr\/en\/news\/turkish-technology-entrepreneurs-return-from-london-with-investments\/\" class=\"rank-math-html-sitemap__link\">Turkish Technology Entrepreneurs Return from London with Investments - Entertech Istanbul Teknokent<\/a><\/li><li class=\"rank-math-html-sitemap__item\"><a href=\"https:\/\/entertech.com.tr\/en\/news\/with-the-market-expansion-programme-entertech-istanbul-teknokent-opens-the-way-from-london-to-the-world-for-turkish-entrepreneurs\/\" class=\"rank-math-html-sitemap__link\">With the Market Expansion Programme, Entertech Istanbul Teknokent Opens the Way from London to the World for Turkish Entrepreneurs! - Entertech Istanbul Teknokent<\/a><\/li><\/ul><\/div><div class=\"rank-math-html-sitemap__section rank-math-html-sitemap__section--taxonomy rank-math-html-sitemap__section--category\"><h2 class=\"rank-math-html-sitemap__title\">Categories<\/h2><ul class=\"rank-math-html-sitemap__list\"><li class=\"rank-math-html-sitemap__item\"><a href=\"https:\/\/entertech.com.tr\/en\/category\/blog\/\" class=\"rank-math-html-sitemap__link\">Blog - Entertech Istanbul Teknokent<\/a><\/li><\/ul><\/div><\/div><\/div>\n\t\t\t\t\t\t<\/div>\n\t\t\t\t<\/div>\n\t\t\t\t\t<\/div>\n\t\t\t\t<\/div>\n\t\t\t\t<\/div>\n\t\t","protected":false},"excerpt":{"rendered":"","protected":false},"author":1,"featured_media":0,"parent":0,"menu_order":0,"comment_status":"closed","ping_status":"closed","template":"","meta":{"inline_featured_image":false,"footnotes":""},"class_list":["post-82299","page","type-page","status-publish","hentry"],"_links":{"self":[{"href":"https:\/\/entertech.com.tr\/en\/wp-json\/wp\/v2\/pages\/82299","targetHints":{"allow":["GET"]}}],"collection":[{"href":"https:\/\/entertech.com.tr\/en\/wp-json\/wp\/v2\/pages"}],"about":[{"href":"https:\/\/entertech.com.tr\/en\/wp-json\/wp\/v2\/types\/page"}],"author":[{"embeddable":true,"href":"https:\/\/entertech.com.tr\/en\/wp-json\/wp\/v2\/users\/1"}],"replies":[{"embeddable":true,"href":"https:\/\/entertech.com.tr\/en\/wp-json\/wp\/v2\/comments?post=82299"}],"version-history":[{"count":7,"href":"https:\/\/entertech.com.tr\/en\/wp-json\/wp\/v2\/pages\/82299\/revisions"}],"predecessor-version":[{"id":85288,"href":"https:\/\/entertech.com.tr\/en\/wp-json\/wp\/v2\/pages\/82299\/revisions\/85288"}],"wp:attachment":[{"href":"https:\/\/entertech.com.tr\/en\/wp-json\/wp\/v2\/media?parent=82299"}],"curies":[{"name":"wp","href":"https:\/\/api.w.org\/{rel}","templated":true}]}}