{"id":83277,"date":"2025-05-08T12:45:14","date_gmt":"2025-05-08T09:45:14","guid":{"rendered":"https:\/\/entertech.com.tr\/en\/?page_id=83277"},"modified":"2025-10-06T13:54:52","modified_gmt":"2025-10-06T10:54:52","slug":"perk","status":"publish","type":"page","link":"https:\/\/entertech.com.tr\/en\/domestic-programs\/perk\/","title":{"rendered":"PERK"},"content":{"rendered":"\t\t<div data-elementor-type=\"wp-page\" data-elementor-id=\"83277\" class=\"elementor elementor-83277\" data-elementor-post-type=\"page\">\n\t\t\t\t<div class=\"elementor-element elementor-element-10a2081 e-flex e-con-boxed content-parallax-no text-reveal-no e-con e-parent\" data-id=\"10a2081\" data-element_type=\"container\" data-e-type=\"container\">\n\t\t\t\t\t<div class=\"e-con-inner\">\n\t\t\t\t<div class=\"elementor-element elementor-element-b7f5acb cea-align-center elementor-widget elementor-widget-ceasectiontitle\" data-id=\"b7f5acb\" data-element_type=\"widget\" data-e-type=\"widget\" data-widget_type=\"ceasectiontitle.default\">\n\t\t\t\t<div class=\"elementor-widget-container\">\n\t\t\t\t\t<div class=\"section-title-wrapper\"><div class=\"title-wrap\"><h6 class=\"sub-title\"><span class=\"subtitle-dots \" >Yurt \u0130\u00e7i Program\u0131m\u0131z<\/span><\/h6><h2 class=\"section-title none\" data-animation=\"none\">PERK<\/h2><\/div><!-- .title-wrap --><div class=\"section-description\"><\/div><!-- .section-description --><\/div><!-- .section-title-wrapper -->\t\t\t\t<\/div>\n\t\t\t\t<\/div>\n\t\t\t\t<div class=\"elementor-element elementor-element-013a00a elementor-widget elementor-widget-image\" data-id=\"013a00a\" data-element_type=\"widget\" data-e-type=\"widget\" data-widget_type=\"image.default\">\n\t\t\t\t<div class=\"elementor-widget-container\">\n\t\t\t\t\t\t\t\t\t\t\t\t\t\t\t<img fetchpriority=\"high\" decoding=\"async\" width=\"1200\" height=\"371\" src=\"https:\/\/entertech.com.tr\/en\/wp-content\/uploads\/2025\/05\/entertech-perk-program-detay.png\" class=\"attachment-full size-full wp-image-83288\" alt=\"\" srcset=\"https:\/\/entertech.com.tr\/en\/wp-content\/uploads\/2025\/05\/entertech-perk-program-detay.png 1200w, https:\/\/entertech.com.tr\/en\/wp-content\/uploads\/2025\/05\/entertech-perk-program-detay-768x237.png 768w\" sizes=\"(max-width: 1200px) 100vw, 1200px\" \/>\t\t\t\t\t\t\t\t\t\t\t\t\t\t\t<\/div>\n\t\t\t\t<\/div>\n\t\t\t\t\t<\/div>\n\t\t\t\t<\/div>\n\t\t<div class=\"elementor-element elementor-element-1849fe8 e-flex e-con-boxed content-parallax-no text-reveal-no e-con e-parent\" data-id=\"1849fe8\" data-element_type=\"container\" data-e-type=\"container\">\n\t\t\t\t\t<div class=\"e-con-inner\">\n\t\t\t\t<div class=\"elementor-element elementor-element-5fa7d90 elementor-widget elementor-widget-text-editor\" data-id=\"5fa7d90\" data-element_type=\"widget\" data-e-type=\"widget\" data-widget_type=\"text-editor.default\">\n\t\t\t\t<div class=\"elementor-widget-container\">\n\t\t\t\t\t\t\t\t\t<p><strong>Program\u0131n Amac\u0131<\/strong><\/p><p>Entertech&#8217;te yer alan firmalar\u0131n, birbirleriyle i\u015f birli\u011fi yapmalar\u0131n\u0131 te\u015fvik etmek ve d\u0131\u015far\u0131daki \u00fcr\u00fcnleri ve hizmetleri Entertech firmalar\u0131na avantajl\u0131 ko\u015fullarda sunmak ama\u00e7lanmaktad\u0131r.<\/p><p><strong>Kimler Ba\u015fvurabilir?<\/strong><\/p><p>Entertech b\u00fcnyesindeki t\u00fcm firmalar perk hizmetinden faydalanabilir.<\/p><p><strong>Destek T\u00fcr\u00fc<\/strong><\/p><p>Perk kapsam\u0131nda yer alan avantajl\u0131 \u00fcr\u00fcnler ve hizmetler, Entertech firmalar\u0131n\u0131n kullan\u0131m\u0131na sunularak ayni destekler sa\u011flan\u0131r. Program Kazan\u0131mlar\u0131 Firmalar aras\u0131 i\u015f birli\u011fi artar. Avantajl\u0131 \u00fcr\u00fcnler ve hizmetlerin kullan\u0131m\u0131 finansal kazan\u00e7 sa\u011flar. Firma tan\u0131n\u0131rl\u0131\u011f\u0131 artarak m\u00fc\u015fteri portf\u00f6y\u00fc g\u00fc\u00e7lenir.<\/p>\t\t\t\t\t\t\t\t<\/div>\n\t\t\t\t<\/div>\n\t\t\t\t<div class=\"elementor-element elementor-element-f9ebc61 cea-align-center elementor-widget elementor-widget-ceasectiontitle\" data-id=\"f9ebc61\" data-element_type=\"widget\" data-e-type=\"widget\" data-widget_type=\"ceasectiontitle.default\">\n\t\t\t\t<div class=\"elementor-widget-container\">\n\t\t\t\t\t<div class=\"section-title-wrapper\"><div class=\"title-wrap\"><h6 class=\"sub-title\"><span class=\"subtitle-dots \" >Anla\u015fmal\u0131 Oldu\u011fumuz Kurumlar<\/span><\/h6><h2 class=\"section-title none\" data-animation=\"none\"><\/h2><\/div><!-- .title-wrap --><div class=\"section-description\"><\/div><!-- .section-description --><\/div><!-- .section-title-wrapper -->\t\t\t\t<\/div>\n\t\t\t\t<\/div>\n\t\t\t\t<div class=\"elementor-element elementor-element-33d2290 elementor-widget elementor-widget-ceaportfolio\" data-id=\"33d2290\" data-element_type=\"widget\" data-e-type=\"widget\" data-widget_type=\"ceaportfolio.default\">\n\t\t\t\t\r\n\t\t<div class=\"elementor-widget-container portfolio-wrapper portfolio-style-classic portfolio-light portfolio-normal-model image-gallery\">\r\n\t\t\r\n\t\t\t<div class=\"row\"><div class=\"col-lg-4 col-md-4\" ><div class=\"portfolio-inner\"><div class=\"post-thumb\"><a href=\"https:\/\/entertech.com.tr\/en\/perks\/amazon\/\" class=\"post-image-link\"><img decoding=\"async\" src=\"https:\/\/entertech.com.tr\/en\/wp-content\/uploads\/2025\/05\/entertech-perkleri-aws-scaled.webp\" title=\"entertech-perkleri-aws\" alt=\"\" class=\"img-fluid squared\" \/><\/a><\/div><!-- .post-thumb --><div class=\"entry-title\"><h3 class=\"post-title-head\"><a href=\"https:\/\/entertech.com.tr\/en\/perks\/amazon\/\" class=\"post-title\">Amazon Web Services (AWS)<\/a><\/h3><\/div><!-- .entry-title --><div class=\"post-excerpt\">A 2-year $10,000 credit opportunity under the AWS Active Program.<\/div><!-- .post-excerpt --><\/div><!-- .portfolio-inner --><\/div><!-- .col \/ .owl-carousel-item \/ .isotope --><div class=\"col-lg-4 col-md-4\" ><div class=\"portfolio-inner\"><div class=\"post-thumb\"><a href=\"https:\/\/entertech.com.tr\/en\/perks\/symetricx\/\" class=\"post-image-link\"><img decoding=\"async\" src=\"https:\/\/entertech.com.tr\/en\/wp-content\/uploads\/2025\/05\/entertech-perkleri-symetricx-1-scaled.webp\" title=\"entertech-perkleri-symetricx\" alt=\"\" class=\"img-fluid squared img-fluid squared\" \/><\/a><\/div><!-- .post-thumb --><div class=\"entry-title\"><h3 class=\"post-title-head\"><a href=\"https:\/\/entertech.com.tr\/en\/perks\/symetricx\/\" class=\"post-title\">Symetricx<\/a><\/h3><\/div><!-- .entry-title --><div class=\"post-excerpt\">35% discount exclusively for companies within Entertech.<\/div><!-- .post-excerpt --><\/div><!-- .portfolio-inner --><\/div><!-- .col \/ .owl-carousel-item \/ .isotope --><div class=\"col-lg-4 col-md-4\" ><div class=\"portfolio-inner\"><div class=\"post-thumb\"><a href=\"https:\/\/entertech.com.tr\/en\/perks\/ikas\/\" class=\"post-image-link\"><img decoding=\"async\" src=\"https:\/\/entertech.com.tr\/en\/wp-content\/uploads\/2025\/05\/entertech-perkleri-ikas-1-scaled.webp\" title=\"entertech-perkleri-ikas\" alt=\"\" class=\"img-fluid squared img-fluid squared img-fluid squared\" \/><\/a><\/div><!-- .post-thumb --><div class=\"entry-title\"><h3 class=\"post-title-head\"><a href=\"https:\/\/entertech.com.tr\/en\/perks\/ikas\/\" class=\"post-title\">IKAS<\/a><\/h3><\/div><!-- .entry-title --><div class=\"post-excerpt\">15% discount exclusively for Scale and Scale Plus packages.<\/div><!-- .post-excerpt --><\/div><!-- .portfolio-inner --><\/div><!-- .col \/ .owl-carousel-item \/ .isotope --><\/div><!-- .row --><div class=\"row\"><div class=\"col-lg-4 col-md-4\" ><div class=\"portfolio-inner\"><div class=\"post-thumb\"><a href=\"https:\/\/entertech.com.tr\/en\/perks\/bilet-com\/\" class=\"post-image-link\"><img decoding=\"async\" src=\"https:\/\/entertech.com.tr\/en\/wp-content\/uploads\/2025\/05\/entertech-perkleri-bilet-com-scaled.webp\" title=\"entertech-perkleri-bilet-com\" alt=\"\" class=\"img-fluid squared img-fluid squared img-fluid squared img-fluid squared\" \/><\/a><\/div><!-- .post-thumb --><div class=\"entry-title\"><h3 class=\"post-title-head\"><a href=\"https:\/\/entertech.com.tr\/en\/perks\/bilet-com\/\" class=\"post-title\">Bilet.com<\/a><\/h3><\/div><!-- .entry-title --><div class=\"post-excerpt\">15% discount exclusively for Scale and Scale Plus packages.<\/div><!-- .post-excerpt --><\/div><!-- .portfolio-inner --><\/div><!-- .col \/ .owl-carousel-item \/ .isotope --><div class=\"col-lg-4 col-md-4\" ><div class=\"portfolio-inner\"><div class=\"post-thumb\"><a href=\"https:\/\/entertech.com.tr\/en\/perks\/teknoloji-mimari\/\" class=\"post-image-link\"><img decoding=\"async\" src=\"https:\/\/entertech.com.tr\/en\/wp-content\/uploads\/2025\/05\/entertech-perkleri-teknoloji-mimari-scaled.webp\" title=\"entertech-perkleri-teknoloji-mimari\" alt=\"\" class=\"img-fluid squared img-fluid squared img-fluid squared img-fluid squared img-fluid squared\" \/><\/a><\/div><!-- .post-thumb --><div class=\"entry-title\"><h3 class=\"post-title-head\"><a href=\"https:\/\/entertech.com.tr\/en\/perks\/teknoloji-mimari\/\" class=\"post-title\">Teknoloji Mimar\u0131<\/a><\/h3><\/div><!-- .entry-title --><div class=\"post-excerpt\">Discounts on monthly technical support agreements, IP PBX solutions, call center projects, and service projects.<\/div><!-- .post-excerpt --><\/div><!-- .portfolio-inner --><\/div><!-- .col \/ .owl-carousel-item \/ .isotope --><div class=\"col-lg-4 col-md-4\" ><div class=\"portfolio-inner\"><div class=\"post-thumb\"><a href=\"https:\/\/entertech.com.tr\/en\/perks\/kalibre\/\" class=\"post-image-link\"><img decoding=\"async\" src=\"https:\/\/entertech.com.tr\/en\/wp-content\/uploads\/2025\/05\/entertech-perkleri-kalibre-scaled.webp\" title=\"entertech-perkleri-kalibre\" alt=\"\" class=\"img-fluid squared img-fluid squared img-fluid squared img-fluid squared img-fluid squared img-fluid squared\" \/><\/a><\/div><!-- .post-thumb --><div class=\"entry-title\"><h3 class=\"post-title-head\"><a href=\"https:\/\/entertech.com.tr\/en\/perks\/kalibre\/\" class=\"post-title\">Kalibre<\/a><\/h3><\/div><!-- .entry-title --><div class=\"post-excerpt\">25% discount.<\/div><!-- .post-excerpt --><\/div><!-- .portfolio-inner --><\/div><!-- .col \/ .owl-carousel-item \/ .isotope --><\/div><!-- .row --><div class=\"row\"><div class=\"col-lg-4 col-md-4\" ><div class=\"portfolio-inner\"><div class=\"post-thumb\"><a href=\"https:\/\/entertech.com.tr\/en\/perks\/tekno-hesap\/\" class=\"post-image-link\"><img decoding=\"async\" src=\"https:\/\/entertech.com.tr\/en\/wp-content\/uploads\/2025\/05\/entertech-perkleri-teknohesap-scaled.webp\" title=\"entertech-perkleri-teknohesap\" alt=\"\" class=\"img-fluid squared img-fluid squared img-fluid squared img-fluid squared img-fluid squared img-fluid squared img-fluid squared\" \/><\/a><\/div><!-- .post-thumb --><div class=\"entry-title\"><h3 class=\"post-title-head\"><a href=\"https:\/\/entertech.com.tr\/en\/perks\/tekno-hesap\/\" class=\"post-title\">Tekno Hesap<\/a><\/h3><\/div><!-- .entry-title --><div class=\"post-excerpt\">25% discount.<\/div><!-- .post-excerpt --><\/div><!-- .portfolio-inner --><\/div><!-- .col \/ .owl-carousel-item \/ .isotope --><div class=\"col-lg-4 col-md-4\" ><div class=\"portfolio-inner\"><div class=\"post-thumb\"><a href=\"https:\/\/entertech.com.tr\/en\/perks\/rd-and-teknokent\/\" class=\"post-image-link\"><img decoding=\"async\" src=\"https:\/\/entertech.com.tr\/en\/wp-content\/uploads\/2025\/05\/arge-ve-teknokent-entertech-perkler-scaled.webp\" title=\"arge-ve-teknokent-entertech-perkler\" alt=\"\" class=\"img-fluid squared img-fluid squared img-fluid squared img-fluid squared img-fluid squared img-fluid squared img-fluid squared img-fluid squared\" \/><\/a><\/div><!-- .post-thumb --><div class=\"entry-title\"><h3 class=\"post-title-head\"><a href=\"https:\/\/entertech.com.tr\/en\/perks\/rd-and-teknokent\/\" class=\"post-title\">R&#038;D and Teknokent<\/a><\/h3><\/div><!-- .entry-title --><div class=\"post-excerpt\">25% discount.<\/div><!-- .post-excerpt --><\/div><!-- .portfolio-inner --><\/div><!-- .col \/ .owl-carousel-item \/ .isotope --><div class=\"col-lg-4 col-md-4\" ><div class=\"portfolio-inner\"><div class=\"post-thumb\"><a href=\"https:\/\/entertech.com.tr\/en\/perks\/ifasturk\/\" class=\"post-image-link\"><img decoding=\"async\" src=\"https:\/\/entertech.com.tr\/en\/wp-content\/uploads\/2025\/05\/entertech-perkleri-ifas-scaled.webp\" title=\"entertech-perkleri-ifas\" alt=\"\" class=\"img-fluid squared img-fluid squared img-fluid squared img-fluid squared img-fluid squared img-fluid squared img-fluid squared img-fluid squared img-fluid squared\" \/><\/a><\/div><!-- .post-thumb --><div class=\"entry-title\"><h3 class=\"post-title-head\"><a href=\"https:\/\/entertech.com.tr\/en\/perks\/ifasturk\/\" class=\"post-title\">\u0130fast\u00fcrk<\/a><\/h3><\/div><!-- .entry-title --><div class=\"post-excerpt\">25% discount.<\/div><!-- .post-excerpt --><\/div><!-- .portfolio-inner --><\/div><!-- .col \/ .owl-carousel-item \/ .isotope --><\/div><!-- .row -->\t\t\t\r\n\t\t<\/div>\r\n\t\t\t\t<\/div>\n\t\t\t\t\t<\/div>\n\t\t\t\t<\/div>\n\t\t<div class=\"elementor-element elementor-element-e7c74ba e-flex e-con-boxed content-parallax-no text-reveal-no e-con e-parent\" data-id=\"e7c74ba\" data-element_type=\"container\" data-e-type=\"container\" data-settings=\"{&quot;background_background&quot;:&quot;classic&quot;}\">\n\t\t\t\t\t<div class=\"e-con-inner\">\n\t\t<div class=\"elementor-element elementor-element-4402f26 e-con-full e-flex content-parallax-no text-reveal-no e-con e-child\" data-id=\"4402f26\" data-element_type=\"container\" data-e-type=\"container\">\n\t\t\t\t<div class=\"elementor-element elementor-element-7bab51c elementor-widget elementor-widget-heading\" data-id=\"7bab51c\" data-element_type=\"widget\" data-e-type=\"widget\" data-widget_type=\"heading.default\">\n\t\t\t\t<div class=\"elementor-widget-container\">\n\t\t\t\t\t<h3 class=\"elementor-heading-title elementor-size-default\">PERK<\/h3>\t\t\t\t<\/div>\n\t\t\t\t<\/div>\n\t\t\t\t<\/div>\n\t\t<div class=\"elementor-element elementor-element-0dc926c e-con-full e-flex content-parallax-no text-reveal-no e-con e-child\" data-id=\"0dc926c\" data-element_type=\"container\" data-e-type=\"container\">\n\t\t\t\t<\/div>\n\t\t<div class=\"elementor-element elementor-element-3090835 e-con-full e-flex content-parallax-no text-reveal-no e-con e-child\" data-id=\"3090835\" data-element_type=\"container\" data-e-type=\"container\">\n\t\t\t\t<div class=\"elementor-element elementor-element-23bfc75 elementor-align-justify elementor-widget elementor-widget-button\" data-id=\"23bfc75\" data-element_type=\"widget\" data-e-type=\"widget\" data-widget_type=\"button.default\">\n\t\t\t\t<div class=\"elementor-widget-container\">\n\t\t\t\t\t\t\t\t\t<div class=\"elementor-button-wrapper\">\n\t\t\t\t\t<a class=\"elementor-button elementor-button-link elementor-size-sm\" href=\"https:\/\/forms.gle\/Z7pGSff6muX5zSAaA\" target=\"_blank\" rel=\"noopener\">\n\t\t\t\t\t\t<span class=\"elementor-button-content-wrapper\">\n\t\t\t\t\t\t\t\t\t<span class=\"elementor-button-text\">Ba\u015fvur<\/span>\n\t\t\t\t\t<\/span>\n\t\t\t\t\t<\/a>\n\t\t\t\t<\/div>\n\t\t\t\t\t\t\t\t<\/div>\n\t\t\t\t<\/div>\n\t\t\t\t<\/div>\n\t\t\t\t\t<\/div>\n\t\t\t\t<\/div>\n\t\t\t\t<\/div>\n\t\t","protected":false},"excerpt":{"rendered":"<p>Yurt \u0130\u00e7i Program\u0131m\u0131z PERK Program\u0131n Amac\u0131 Entertech&#8217;te yer alan firmalar\u0131n, birbirleriyle i\u015f birli\u011fi yapmalar\u0131n\u0131 te\u015fvik..<\/p>\n","protected":false},"author":1,"featured_media":0,"parent":78933,"menu_order":0,"comment_status":"closed","ping_status":"closed","template":"","meta":{"inline_featured_image":false,"footnotes":""},"class_list":["post-83277","page","type-page","status-publish","hentry"],"_links":{"self":[{"href":"https:\/\/entertech.com.tr\/en\/wp-json\/wp\/v2\/pages\/83277","targetHints":{"allow":["GET"]}}],"collection":[{"href":"https:\/\/entertech.com.tr\/en\/wp-json\/wp\/v2\/pages"}],"about":[{"href":"https:\/\/entertech.com.tr\/en\/wp-json\/wp\/v2\/types\/page"}],"author":[{"embeddable":true,"href":"https:\/\/entertech.com.tr\/en\/wp-json\/wp\/v2\/users\/1"}],"replies":[{"embeddable":true,"href":"https:\/\/entertech.com.tr\/en\/wp-json\/wp\/v2\/comments?post=83277"}],"version-history":[{"count":1,"href":"https:\/\/entertech.com.tr\/en\/wp-json\/wp\/v2\/pages\/83277\/revisions"}],"predecessor-version":[{"id":85514,"href":"https:\/\/entertech.com.tr\/en\/wp-json\/wp\/v2\/pages\/83277\/revisions\/85514"}],"up":[{"embeddable":true,"href":"https:\/\/entertech.com.tr\/en\/wp-json\/wp\/v2\/pages\/78933"}],"wp:attachment":[{"href":"https:\/\/entertech.com.tr\/en\/wp-json\/wp\/v2\/media?parent=83277"}],"curies":[{"name":"wp","href":"https:\/\/api.w.org\/{rel}","templated":true}]}}